{"id":93,"date":"2025-07-16T08:58:25","date_gmt":"2025-07-16T08:58:25","guid":{"rendered":"https:\/\/manoterra.net\/?page_id=93"},"modified":"2025-08-06T20:38:28","modified_gmt":"2025-08-06T20:38:28","slug":"notre-mission","status":"publish","type":"page","link":"https:\/\/manoterra.net\/en\/notre-mission\/","title":{"rendered":"Our mission"},"content":{"rendered":"<div data-elementor-type=\"wp-page\" data-elementor-id=\"93\" class=\"elementor elementor-93\" data-elementor-post-type=\"page\">\n\t\t\t\t<div class=\"elementor-element elementor-element-0c3b6ec e-flex e-con-boxed e-con e-parent\" data-id=\"0c3b6ec\" data-element_type=\"container\" data-e-type=\"container\">\n\t\t\t\t\t<div class=\"e-con-inner\">\n\t\t<div class=\"elementor-element elementor-element-4f1cd93 e-con-full e-flex e-con e-child\" data-id=\"4f1cd93\" data-element_type=\"container\" data-e-type=\"container\">\n\t\t\t\t<div class=\"elementor-element elementor-element-eebb9dc elementor-widget elementor-widget-heading\" data-id=\"eebb9dc\" data-element_type=\"widget\" data-e-type=\"widget\" data-widget_type=\"heading.default\">\n\t\t\t\t\t<h1 class=\"elementor-heading-title elementor-size-default\">OUR MISSION<\/h1>\t\t\t\t<\/div>\n\t\t\t\t<div class=\"elementor-element elementor-element-8a942de elementor-widget elementor-widget-text-editor\" data-id=\"8a942de\" data-element_type=\"widget\" data-e-type=\"widget\" data-widget_type=\"text-editor.default\">\n\t\t\t\t\t\t\t\t\tWhen it was created,  we set ourselves the goal of being a committed player in the sustainable transformation of companies. This commitment naturally led to the adoption of the status of <strong>company with<\/strong> missions, which is at the heart of our identity.\t\t\t\t\t\t\t\t<\/div>\n\t\t\t\t<div class=\"elementor-element elementor-element-b9ab727 elementor-widget elementor-widget-text-editor\" data-id=\"b9ab727\" data-element_type=\"widget\" data-e-type=\"widget\" data-widget_type=\"text-editor.default\">\n\t\t\t\t\t\t\t\t\t<p>Our purpose : Supporting the transformation of organizations towards a sustainable model, while prioritizing the quality of life at work of employees.<\/p>\t\t\t\t\t\t\t\t<\/div>\n\t\t\t\t<\/div>\n\t\t<div class=\"elementor-element elementor-element-23ab74c e-con-full e-flex e-con e-child\" data-id=\"23ab74c\" data-element_type=\"container\" data-e-type=\"container\">\n\t\t\t\t<div class=\"elementor-element elementor-element-096f089 elementor-widget elementor-widget-image\" data-id=\"096f089\" data-element_type=\"widget\" data-e-type=\"widget\" data-widget_type=\"image.default\">\n\t\t\t\t\t\t\t\t\t\t\t\t\t\t\t<img fetchpriority=\"high\" decoding=\"async\" width=\"1000\" height=\"1000\" src=\"https:\/\/manoterra.net\/wp-content\/uploads\/2025\/08\/2DG7C42-personnes-montagne-lac-1-1.jpg\" class=\"attachment-full size-full wp-image-1408\" alt=\"\" srcset=\"https:\/\/manoterra.net\/wp-content\/uploads\/2025\/08\/2DG7C42-personnes-montagne-lac-1-1.jpg 1000w, https:\/\/manoterra.net\/wp-content\/uploads\/2025\/08\/2DG7C42-personnes-montagne-lac-1-1-300x300.jpg 300w, https:\/\/manoterra.net\/wp-content\/uploads\/2025\/08\/2DG7C42-personnes-montagne-lac-1-1-150x150.jpg 150w, https:\/\/manoterra.net\/wp-content\/uploads\/2025\/08\/2DG7C42-personnes-montagne-lac-1-1-768x768.jpg 768w, https:\/\/manoterra.net\/wp-content\/uploads\/2025\/08\/2DG7C42-personnes-montagne-lac-1-1-12x12.jpg 12w\" sizes=\"(max-width: 1000px) 100vw, 1000px\" \/>\t\t\t\t\t\t\t\t\t\t\t\t\t\t\t<\/div>\n\t\t\t\t<\/div>\n\t\t\t\t\t<\/div>\n\t\t\t\t<\/div>\n\t\t<div class=\"elementor-element elementor-element-4a0443a e-flex e-con-boxed e-con e-parent\" data-id=\"4a0443a\" data-element_type=\"container\" data-e-type=\"container\">\n\t\t\t\t\t<div class=\"e-con-inner\">\n\t\t\t\t<div class=\"elementor-element elementor-element-64bd540 elementor-widget elementor-widget-heading\" data-id=\"64bd540\" data-element_type=\"widget\" data-e-type=\"widget\" data-widget_type=\"heading.default\">\n\t\t\t\t\t<h2 class=\"elementor-heading-title elementor-size-default\">Our Goals<\/h2>\t\t\t\t<\/div>\n\t\t\t\t<div class=\"elementor-element elementor-element-92b8bf1 elementor-widget elementor-widget-text-editor\" data-id=\"92b8bf1\" data-element_type=\"widget\" data-e-type=\"widget\" data-widget_type=\"text-editor.default\">\n\t\t\t\t\t\t\t\t\t<p>This goal guides all of our strategic decisions and conducts our daily actions. It is expressed concretely in the projects we carry out with our customers, in the relationships we cultivate with our partners, and in the working environment we build for our teams.<br \/><br \/><\/p><p>To bring our purpose to life, we are committed to the following objectives:<\/p>\t\t\t\t\t\t\t\t<\/div>\n\t\t\t\t\t<\/div>\n\t\t\t\t<\/div>\n\t\t<div class=\"elementor-element elementor-element-34d8a761 e-flex e-con-boxed e-con e-parent\" data-id=\"34d8a761\" data-element_type=\"container\" data-e-type=\"container\" id=\"card-4\">\n\t\t\t\t\t<div class=\"e-con-inner\">\n\t\t<div class=\"elementor-element elementor-element-408ba622 e-con-full e-flex e-con e-child\" data-id=\"408ba622\" data-element_type=\"container\" data-e-type=\"container\" data-settings=\"{&quot;background_background&quot;:&quot;classic&quot;}\">\n\t\t\t\t<div class=\"elementor-element elementor-element-248b803d elementor-widget elementor-widget-heading\" data-id=\"248b803d\" data-element_type=\"widget\" data-e-type=\"widget\" data-widget_type=\"heading.default\">\n\t\t\t\t\t<h3 class=\"elementor-heading-title elementor-size-default\">AN ACTIVITY WITH MEANING \n<\/h3>\t\t\t\t<\/div>\n\t\t\t\t<div class=\"elementor-element elementor-element-59ae5353 elementor-widget elementor-widget-image\" data-id=\"59ae5353\" data-element_type=\"widget\" data-e-type=\"widget\" data-widget_type=\"image.default\">\n\t\t\t\t\t\t\t\t\t\t\t\t\t\t\t<img decoding=\"async\" width=\"300\" height=\"300\" src=\"https:\/\/manoterra.net\/wp-content\/uploads\/2025\/08\/pastille-blancje-target.svg\" class=\"attachment-medium size-medium wp-image-1369\" alt=\"\" \/>\t\t\t\t\t\t\t\t\t\t\t\t\t\t\t<\/div>\n\t\t\t\t<div class=\"elementor-element elementor-element-21da888f elementor-widget__width-initial desc-card elementor-widget elementor-widget-text-editor\" data-id=\"21da888f\" data-element_type=\"widget\" data-e-type=\"widget\" data-widget_type=\"text-editor.default\">\n\t\t\t\t\t\t\t\t\t<strong>Carry out 100% of our activity through consulting missions with an environmental scope<\/strong>, in order to contribute directly to the ecological transition of organizations. \t\t\t\t\t\t\t\t<\/div>\n\t\t\t\t<\/div>\n\t\t<div class=\"elementor-element elementor-element-693d2e36 e-con-full e-flex e-con e-child\" data-id=\"693d2e36\" data-element_type=\"container\" data-e-type=\"container\" data-settings=\"{&quot;background_background&quot;:&quot;classic&quot;}\">\n\t\t\t\t<div class=\"elementor-element elementor-element-10a5de2f elementor-widget elementor-widget-heading\" data-id=\"10a5de2f\" data-element_type=\"widget\" data-e-type=\"widget\" data-widget_type=\"heading.default\">\n\t\t\t\t\t<h3 class=\"elementor-heading-title elementor-size-default\">PRESERVING QUALITY OF LIFE<\/h3>\t\t\t\t<\/div>\n\t\t\t\t<div class=\"elementor-element elementor-element-7ea502d1 elementor-widget elementor-widget-image\" data-id=\"7ea502d1\" data-element_type=\"widget\" data-e-type=\"widget\" data-widget_type=\"image.default\">\n\t\t\t\t\t\t\t\t\t\t\t\t\t\t\t<img decoding=\"async\" width=\"150\" height=\"150\" src=\"https:\/\/manoterra.net\/wp-content\/uploads\/2025\/08\/pastille-roche-soleil.svg\" class=\"attachment-thumbnail size-thumbnail wp-image-1373\" alt=\"\" \/>\t\t\t\t\t\t\t\t\t\t\t\t\t\t\t<\/div>\n\t\t\t\t<div class=\"elementor-element elementor-element-303f8713 elementor-widget__width-initial desc-card elementor-widget elementor-widget-text-editor\" data-id=\"303f8713\" data-element_type=\"widget\" data-e-type=\"widget\" data-widget_type=\"text-editor.default\">\n\t\t\t\t\t\t\t\t\tTo ensure the quality of life at work of our employees, by cultivating a healthy, motivating and respectful professional environment. \t\t\t\t\t\t\t\t<\/div>\n\t\t\t\t<\/div>\n\t\t<div class=\"elementor-element elementor-element-19e35263 e-con-full e-flex e-con e-child\" data-id=\"19e35263\" data-element_type=\"container\" data-e-type=\"container\" data-settings=\"{&quot;background_background&quot;:&quot;classic&quot;}\">\n\t\t\t\t<div class=\"elementor-element elementor-element-2d381a9e elementor-widget elementor-widget-heading\" data-id=\"2d381a9e\" data-element_type=\"widget\" data-e-type=\"widget\" data-widget_type=\"heading.default\">\n\t\t\t\t\t<h3 class=\"elementor-heading-title elementor-size-default\">A SPIRIT OF INNOVATION\n<\/h3>\t\t\t\t<\/div>\n\t\t\t\t<div class=\"elementor-element elementor-element-36d5589e elementor-widget elementor-widget-image\" data-id=\"36d5589e\" data-element_type=\"widget\" data-e-type=\"widget\" data-widget_type=\"image.default\">\n\t\t\t\t\t\t\t\t\t\t\t\t\t\t\t<img loading=\"lazy\" decoding=\"async\" width=\"150\" height=\"150\" src=\"https:\/\/manoterra.net\/wp-content\/uploads\/2025\/08\/pastille-terracotta-wifi.svg\" class=\"attachment-thumbnail size-thumbnail wp-image-1378\" alt=\"\" \/>\t\t\t\t\t\t\t\t\t\t\t\t\t\t\t<\/div>\n\t\t\t\t<div class=\"elementor-element elementor-element-2e4ee958 elementor-widget__width-initial desc-card elementor-widget elementor-widget-text-editor\" data-id=\"2e4ee958\" data-element_type=\"widget\" data-e-type=\"widget\" data-widget_type=\"text-editor.default\">\n\t\t\t\t\t\t\t\t\t<strong>To promote continuous innovation<\/strong>  in our offers and methods, to best support our customers in the face of emerging challenges.\t\t\t\t\t\t\t\t<\/div>\n\t\t\t\t<\/div>\n\t\t<div class=\"elementor-element elementor-element-3dbf228b e-con-full e-flex e-con e-child\" data-id=\"3dbf228b\" data-element_type=\"container\" data-e-type=\"container\" data-settings=\"{&quot;background_background&quot;:&quot;classic&quot;}\">\n\t\t\t\t<div class=\"elementor-element elementor-element-522cd628 elementor-widget elementor-widget-heading\" data-id=\"522cd628\" data-element_type=\"widget\" data-e-type=\"widget\" data-widget_type=\"heading.default\">\n\t\t\t\t\t<h3 class=\"elementor-heading-title elementor-size-default\">A DUTY TO SET AN EXAMPLE\n<\/h3>\t\t\t\t<\/div>\n\t\t\t\t<div class=\"elementor-element elementor-element-7af30777 elementor-widget elementor-widget-image\" data-id=\"7af30777\" data-element_type=\"widget\" data-e-type=\"widget\" data-widget_type=\"image.default\">\n\t\t\t\t\t\t\t\t\t\t\t\t\t\t\t<img loading=\"lazy\" decoding=\"async\" width=\"150\" height=\"150\" src=\"https:\/\/manoterra.net\/wp-content\/uploads\/2025\/08\/pastille-verte-check.svg\" class=\"attachment-thumbnail size-thumbnail wp-image-1379\" alt=\"\" \/>\t\t\t\t\t\t\t\t\t\t\t\t\t\t\t<\/div>\n\t\t\t\t<div class=\"elementor-element elementor-element-42da36b9 elementor-widget__width-initial desc-card elementor-widget elementor-widget-text-editor\" data-id=\"42da36b9\" data-element_type=\"widget\" data-e-type=\"widget\" data-widget_type=\"text-editor.default\">\n\t\t\t\t\t\t\t\t\t<strong>To reduce our own environmental impact as much as possible<\/strong>, by implementing responsible and measured internal practices.\t\t\t\t\t\t\t\t<\/div>\n\t\t\t\t<\/div>\n\t\t\t\t\t<\/div>\n\t\t\t\t<\/div>\n\t\t<div class=\"elementor-element elementor-element-2c7993b e-flex e-con-boxed e-con e-parent\" data-id=\"2c7993b\" data-element_type=\"container\" data-e-type=\"container\" data-settings=\"{&quot;background_background&quot;:&quot;classic&quot;}\">\n\t\t\t\t\t<div class=\"e-con-inner\">\n\t\t\t\t<div class=\"elementor-element elementor-element-35a6f59 elementor-widget elementor-widget-heading\" data-id=\"35a6f59\" data-element_type=\"widget\" data-e-type=\"widget\" data-widget_type=\"heading.default\">\n\t\t\t\t\t<h2 class=\"elementor-heading-title elementor-size-default\">A supervised and verified mission<\/h2>\t\t\t\t<\/div>\n\t\t\t\t<div class=\"elementor-element elementor-element-2285cac elementor-widget elementor-widget-text-editor\" data-id=\"2285cac\" data-element_type=\"widget\" data-e-type=\"widget\" data-widget_type=\"text-editor.default\">\n\t\t\t\t\t\t\t\t\tIn accordance with the french legislation on mission-driven companies, it is planned that the achievement of these objectives will be monitored and evaluated by an independent third-party body, thus ensuring transparency, rigour and continuous improvement.\t\t\t\t\t\t\t\t<\/div>\n\t\t\t\t<div class=\"elementor-element elementor-element-87cc86a elementor-align-center elementor-widget elementor-widget-button\" data-id=\"87cc86a\" data-element_type=\"widget\" data-e-type=\"widget\" data-widget_type=\"button.default\">\n\t\t\t\t\t\t\t\t\t\t<a class=\"elementor-button elementor-button-link elementor-size-sm\" href=\"https:\/\/manoterra.net\/en\/notre-equipe\/\">\n\t\t\t\t\t\t<span class=\"elementor-button-content-wrapper\">\n\t\t\t\t\t\t\t\t\t<span class=\"elementor-button-text\">Discover our team<\/span>\n\t\t\t\t\t<\/span>\n\t\t\t\t\t<\/a>\n\t\t\t\t\t\t\t\t<\/div>\n\t\t\t\t\t<\/div>\n\t\t\t\t<\/div>\n\t\t\t\t<\/div>","protected":false},"excerpt":{"rendered":"<p>NOTRE MISSION Lors de sa cr\u00e9ation, notre cabinet s\u2019est donn\u00e9 pour ambition d\u2019\u00eatre un acteur engag\u00e9 de la transformation durable des entreprises. Cet engagement a naturellement conduit \u00e0 l\u2019adoption du statut de soci\u00e9t\u00e9 \u00e0 missions qui est au c\u0153ur de notre identit\u00e9. Notre raison d\u2019\u00eatre : accompagner la transformation des organisations vers un mod\u00e8le durable, [&hellip;]<\/p>\n","protected":false},"author":1,"featured_media":0,"parent":0,"menu_order":0,"comment_status":"closed","ping_status":"closed","template":"","meta":{"footnotes":""},"class_list":["post-93","page","type-page","status-publish","hentry"],"yoast_head":"<!-- This site is optimized with the Yoast SEO plugin v27.6 - https:\/\/yoast.com\/product\/yoast-seo-wordpress\/ -->\n<title>Manoterra: un cabinet engag\u00e9 pour un avenir durable<\/title>\n<meta name=\"description\" content=\"Manoterra accompagne la transformation durable de entreprises, en alliant performance, impact positif et bien-\u00eatre au travail.\" \/>\n<meta name=\"robots\" content=\"index, follow, max-snippet:-1, max-image-preview:large, max-video-preview:-1\" \/>\n<link rel=\"canonical\" href=\"https:\/\/manoterra.net\/en\/notre-mission\/\" \/>\n<meta property=\"og:locale\" content=\"en_GB\" \/>\n<meta property=\"og:type\" content=\"article\" \/>\n<meta property=\"og:title\" content=\"Manoterra: un cabinet engag\u00e9 pour un avenir durable\" \/>\n<meta property=\"og:description\" content=\"Manoterra accompagne la transformation durable de entreprises, en alliant performance, impact positif et bien-\u00eatre au travail.\" \/>\n<meta property=\"og:url\" content=\"https:\/\/manoterra.net\/en\/notre-mission\/\" \/>\n<meta property=\"og:site_name\" content=\"Manoterra\" \/>\n<meta property=\"article:modified_time\" content=\"2025-08-06T20:38:28+00:00\" \/>\n<meta property=\"og:image\" content=\"https:\/\/manoterra.net\/wp-content\/uploads\/2025\/08\/2DG7C42-personnes-montagne-lac-1-1.jpg\" \/>\n\t<meta property=\"og:image:width\" content=\"1000\" \/>\n\t<meta property=\"og:image:height\" content=\"1000\" \/>\n\t<meta property=\"og:image:type\" content=\"image\/jpeg\" \/>\n<meta name=\"twitter:card\" content=\"summary_large_image\" \/>\n<meta name=\"twitter:label1\" content=\"Estimated reading time\" \/>\n\t<meta name=\"twitter:data1\" content=\"2 minutes\" \/>\n<script type=\"application\/ld+json\" class=\"yoast-schema-graph\">{\"@context\":\"https:\\\/\\\/schema.org\",\"@graph\":[{\"@type\":\"WebPage\",\"@id\":\"https:\\\/\\\/manoterra.net\\\/notre-mission\\\/\",\"url\":\"https:\\\/\\\/manoterra.net\\\/notre-mission\\\/\",\"name\":\"Manoterra: un cabinet engag\u00e9 pour un avenir durable\",\"isPartOf\":{\"@id\":\"https:\\\/\\\/manoterra.net\\\/#website\"},\"primaryImageOfPage\":{\"@id\":\"https:\\\/\\\/manoterra.net\\\/notre-mission\\\/#primaryimage\"},\"image\":{\"@id\":\"https:\\\/\\\/manoterra.net\\\/notre-mission\\\/#primaryimage\"},\"thumbnailUrl\":\"https:\\\/\\\/manoterra.net\\\/wp-content\\\/uploads\\\/2025\\\/08\\\/2DG7C42-personnes-montagne-lac-1-1.jpg\",\"datePublished\":\"2025-07-16T08:58:25+00:00\",\"dateModified\":\"2025-08-06T20:38:28+00:00\",\"description\":\"Manoterra accompagne la transformation durable de entreprises, en alliant performance, impact positif et bien-\u00eatre au travail.\",\"breadcrumb\":{\"@id\":\"https:\\\/\\\/manoterra.net\\\/notre-mission\\\/#breadcrumb\"},\"inLanguage\":\"en-GB\",\"potentialAction\":[{\"@type\":\"ReadAction\",\"target\":[\"https:\\\/\\\/manoterra.net\\\/notre-mission\\\/\"]}]},{\"@type\":\"ImageObject\",\"inLanguage\":\"en-GB\",\"@id\":\"https:\\\/\\\/manoterra.net\\\/notre-mission\\\/#primaryimage\",\"url\":\"https:\\\/\\\/manoterra.net\\\/wp-content\\\/uploads\\\/2025\\\/08\\\/2DG7C42-personnes-montagne-lac-1-1.jpg\",\"contentUrl\":\"https:\\\/\\\/manoterra.net\\\/wp-content\\\/uploads\\\/2025\\\/08\\\/2DG7C42-personnes-montagne-lac-1-1.jpg\"},{\"@type\":\"BreadcrumbList\",\"@id\":\"https:\\\/\\\/manoterra.net\\\/notre-mission\\\/#breadcrumb\",\"itemListElement\":[{\"@type\":\"ListItem\",\"position\":1,\"name\":\"Accueil\",\"item\":\"https:\\\/\\\/manoterra.net\\\/\"},{\"@type\":\"ListItem\",\"position\":2,\"name\":\"Notre mission\"}]},{\"@type\":\"WebSite\",\"@id\":\"https:\\\/\\\/manoterra.net\\\/#website\",\"url\":\"https:\\\/\\\/manoterra.net\\\/\",\"name\":\"Manoterra\",\"description\":\"Conseil en strat&eacute;gie environnementale\",\"publisher\":{\"@id\":\"https:\\\/\\\/manoterra.net\\\/#organization\"},\"potentialAction\":[{\"@type\":\"SearchAction\",\"target\":{\"@type\":\"EntryPoint\",\"urlTemplate\":\"https:\\\/\\\/manoterra.net\\\/?s={search_term_string}\"},\"query-input\":{\"@type\":\"PropertyValueSpecification\",\"valueRequired\":true,\"valueName\":\"search_term_string\"}}],\"inLanguage\":\"en-GB\"},{\"@type\":\"Organization\",\"@id\":\"https:\\\/\\\/manoterra.net\\\/#organization\",\"name\":\"Manoterra\",\"url\":\"https:\\\/\\\/manoterra.net\\\/\",\"logo\":{\"@type\":\"ImageObject\",\"inLanguage\":\"en-GB\",\"@id\":\"https:\\\/\\\/manoterra.net\\\/#\\\/schema\\\/logo\\\/image\\\/\",\"url\":\"https:\\\/\\\/manoterra.net\\\/wp-content\\\/uploads\\\/2025\\\/07\\\/Logo-ecorce-brulee-fond-blanc-1-1.jpg\",\"contentUrl\":\"https:\\\/\\\/manoterra.net\\\/wp-content\\\/uploads\\\/2025\\\/07\\\/Logo-ecorce-brulee-fond-blanc-1-1.jpg\",\"width\":397,\"height\":49,\"caption\":\"Manoterra\"},\"image\":{\"@id\":\"https:\\\/\\\/manoterra.net\\\/#\\\/schema\\\/logo\\\/image\\\/\"}}]}<\/script>\n<!-- \/ Yoast SEO plugin. -->","yoast_head_json":{"title":"Manoterra: un cabinet engag\u00e9 pour un avenir durable","description":"Manoterra accompagne la transformation durable de entreprises, en alliant performance, impact positif et bien-\u00eatre au travail.","robots":{"index":"index","follow":"follow","max-snippet":"max-snippet:-1","max-image-preview":"max-image-preview:large","max-video-preview":"max-video-preview:-1"},"canonical":"https:\/\/manoterra.net\/en\/notre-mission\/","og_locale":"en_GB","og_type":"article","og_title":"Manoterra: un cabinet engag\u00e9 pour un avenir durable","og_description":"Manoterra accompagne la transformation durable de entreprises, en alliant performance, impact positif et bien-\u00eatre au travail.","og_url":"https:\/\/manoterra.net\/en\/notre-mission\/","og_site_name":"Manoterra","article_modified_time":"2025-08-06T20:38:28+00:00","og_image":[{"width":1000,"height":1000,"url":"https:\/\/manoterra.net\/wp-content\/uploads\/2025\/08\/2DG7C42-personnes-montagne-lac-1-1.jpg","type":"image\/jpeg"}],"twitter_card":"summary_large_image","twitter_misc":{"Estimated reading time":"2 minutes"},"schema":{"@context":"https:\/\/schema.org","@graph":[{"@type":"WebPage","@id":"https:\/\/manoterra.net\/notre-mission\/","url":"https:\/\/manoterra.net\/notre-mission\/","name":"Manoterra: un cabinet engag\u00e9 pour un avenir durable","isPartOf":{"@id":"https:\/\/manoterra.net\/#website"},"primaryImageOfPage":{"@id":"https:\/\/manoterra.net\/notre-mission\/#primaryimage"},"image":{"@id":"https:\/\/manoterra.net\/notre-mission\/#primaryimage"},"thumbnailUrl":"https:\/\/manoterra.net\/wp-content\/uploads\/2025\/08\/2DG7C42-personnes-montagne-lac-1-1.jpg","datePublished":"2025-07-16T08:58:25+00:00","dateModified":"2025-08-06T20:38:28+00:00","description":"Manoterra accompagne la transformation durable de entreprises, en alliant performance, impact positif et bien-\u00eatre au travail.","breadcrumb":{"@id":"https:\/\/manoterra.net\/notre-mission\/#breadcrumb"},"inLanguage":"en-GB","potentialAction":[{"@type":"ReadAction","target":["https:\/\/manoterra.net\/notre-mission\/"]}]},{"@type":"ImageObject","inLanguage":"en-GB","@id":"https:\/\/manoterra.net\/notre-mission\/#primaryimage","url":"https:\/\/manoterra.net\/wp-content\/uploads\/2025\/08\/2DG7C42-personnes-montagne-lac-1-1.jpg","contentUrl":"https:\/\/manoterra.net\/wp-content\/uploads\/2025\/08\/2DG7C42-personnes-montagne-lac-1-1.jpg"},{"@type":"BreadcrumbList","@id":"https:\/\/manoterra.net\/notre-mission\/#breadcrumb","itemListElement":[{"@type":"ListItem","position":1,"name":"Accueil","item":"https:\/\/manoterra.net\/"},{"@type":"ListItem","position":2,"name":"Notre mission"}]},{"@type":"WebSite","@id":"https:\/\/manoterra.net\/#website","url":"https:\/\/manoterra.net\/","name":"Manoterra","description":"Conseil en strat&eacute;gie environnementale","publisher":{"@id":"https:\/\/manoterra.net\/#organization"},"potentialAction":[{"@type":"SearchAction","target":{"@type":"EntryPoint","urlTemplate":"https:\/\/manoterra.net\/?s={search_term_string}"},"query-input":{"@type":"PropertyValueSpecification","valueRequired":true,"valueName":"search_term_string"}}],"inLanguage":"en-GB"},{"@type":"Organization","@id":"https:\/\/manoterra.net\/#organization","name":"Manoterra","url":"https:\/\/manoterra.net\/","logo":{"@type":"ImageObject","inLanguage":"en-GB","@id":"https:\/\/manoterra.net\/#\/schema\/logo\/image\/","url":"https:\/\/manoterra.net\/wp-content\/uploads\/2025\/07\/Logo-ecorce-brulee-fond-blanc-1-1.jpg","contentUrl":"https:\/\/manoterra.net\/wp-content\/uploads\/2025\/07\/Logo-ecorce-brulee-fond-blanc-1-1.jpg","width":397,"height":49,"caption":"Manoterra"},"image":{"@id":"https:\/\/manoterra.net\/#\/schema\/logo\/image\/"}}]}},"_links":{"self":[{"href":"https:\/\/manoterra.net\/en\/wp-json\/wp\/v2\/pages\/93","targetHints":{"allow":["GET"]}}],"collection":[{"href":"https:\/\/manoterra.net\/en\/wp-json\/wp\/v2\/pages"}],"about":[{"href":"https:\/\/manoterra.net\/en\/wp-json\/wp\/v2\/types\/page"}],"author":[{"embeddable":true,"href":"https:\/\/manoterra.net\/en\/wp-json\/wp\/v2\/users\/1"}],"replies":[{"embeddable":true,"href":"https:\/\/manoterra.net\/en\/wp-json\/wp\/v2\/comments?post=93"}],"version-history":[{"count":52,"href":"https:\/\/manoterra.net\/en\/wp-json\/wp\/v2\/pages\/93\/revisions"}],"predecessor-version":[{"id":1420,"href":"https:\/\/manoterra.net\/en\/wp-json\/wp\/v2\/pages\/93\/revisions\/1420"}],"wp:attachment":[{"href":"https:\/\/manoterra.net\/en\/wp-json\/wp\/v2\/media?parent=93"}],"curies":[{"name":"wp","href":"https:\/\/api.w.org\/{rel}","templated":true}]}}