{"id":3137,"date":"2025-12-29T15:31:23","date_gmt":"2025-12-29T15:31:23","guid":{"rendered":"https:\/\/manoterra.net\/?page_id=3137"},"modified":"2025-12-29T16:19:38","modified_gmt":"2025-12-29T16:19:38","slug":"nous-rejoindre","status":"publish","type":"page","link":"https:\/\/manoterra.net\/en\/nous-rejoindre\/","title":{"rendered":"NOUS REJOINDRE"},"content":{"rendered":"<div data-elementor-type=\"wp-page\" data-elementor-id=\"3137\" class=\"elementor elementor-3137\" data-elementor-post-type=\"page\">\n\t\t\t\t<div class=\"elementor-element elementor-element-7f839db7 e-flex e-con-boxed e-con e-parent\" data-id=\"7f839db7\" data-element_type=\"container\" data-e-type=\"container\">\n\t\t\t\t\t<div class=\"e-con-inner\">\n\t\t\t\t<div class=\"elementor-element elementor-element-113b4e22 elementor-widget elementor-widget-heading\" data-id=\"113b4e22\" data-element_type=\"widget\" data-e-type=\"widget\" data-widget_type=\"heading.default\">\n\t\t\t\t\t<h2 class=\"elementor-heading-title elementor-size-default\">Join us<\/h2>\t\t\t\t<\/div>\n\t\t\t\t<div class=\"elementor-element elementor-element-64d0ee70 elementor-widget elementor-widget-text-editor\" data-id=\"64d0ee70\" data-element_type=\"widget\" data-e-type=\"widget\" data-widget_type=\"text-editor.default\">\n\t\t\t\t\t\t\t\t\t<p>Join us to drive the ecological transition of tomorrow by co-creating sustainable and innovative business models with us. Driven by collective intelligence, you will put your knowledge and experience at the service of tailor-made strategies, where each innovative idea is transformed into a concrete impact. At MANOTERRA, our strength lies in the fusion of cutting-edge expertise and shared creativity: together, we rethink the value of a sustainable business, challenge after challenge. If you want to go beyond established frameworks and shape a resilient future, get on board with us!<\/p><p>\u00a0<\/p>\t\t\t\t\t\t\t\t<\/div>\n\t\t\t\t\t<\/div>\n\t\t\t\t<\/div>\n\t\t<div class=\"elementor-element elementor-element-4c23ea2 e-flex e-con-boxed e-con e-parent\" data-id=\"4c23ea2\" data-element_type=\"container\" data-e-type=\"container\" data-settings=\"{&quot;background_background&quot;:&quot;classic&quot;}\">\n\t\t\t\t\t<div class=\"e-con-inner\">\n\t\t\t\t<div class=\"elementor-element elementor-element-246d457 elementor-widget elementor-widget-heading\" data-id=\"246d457\" data-element_type=\"widget\" data-e-type=\"widget\" data-widget_type=\"heading.default\">\n\t\t\t\t\t<h2 class=\"elementor-heading-title elementor-size-default\">Climate Nature Consultant Internship<\/h2>\t\t\t\t<\/div>\n\t\t\t\t<div class=\"elementor-element elementor-element-075bc2d elementor-widget elementor-widget-text-editor\" data-id=\"075bc2d\" data-element_type=\"widget\" data-e-type=\"widget\" data-widget_type=\"text-editor.default\">\n\t\t\t\t\t\t\t\t\t<p>Missions<\/p>\n<p>At MANOTERRA, you will be responsible for assisting our clients in measuring environmental impacts, managing risks and opportunities related to nature, and transforming business models. You will also contribute to drafting commercial proposals and developing internal content to develop your professional skills.<\/p>\n<p>Some examples of projects you could contribute to:<\/p>\n<p>\u2013 Environmental footprint of an organization or products with recognized standards or methodologies (GHG Protocol, LCA, Water Footprint, etc.)<\/p>\n<p>\u2013 Implementation of a nature strategy based on science-aligned trajectories (SBTi, SBTn, ACT approach)<\/p>\n<p>\u2013 Physical and transition risk analysis enabling the emergence of new business models<\/p>\n<p>\u2013 Support with non-financial reporting (CSRD, CDP, S&amp;P)<\/p>\n<p><br><\/p><p>Profil recherch\u00e9&nbsp;<\/p>\n<p>\u2013 You are a final year engineering student.<\/p>\n<p>\u2013 You have a good understanding of environmental issues (particularly energy\/climate, biodiversity and water) acquired through a specialised course of study, an internship or involvement in an association.<\/p>\n<p>\u2013 You have good interpersonal skills. You are independent, curious and proactive.<\/p>\n<p>\u2013 Technically, you have excellent command of Excel and PowerPoint. Proficiency in programming languages is appreciated, particularly Python.<\/p>\n<p>\u2013 You have a very good command of written and spoken English.<\/p>\n<p><br><\/p><p>Connditions&nbsp;<\/p>\n<p>\u2013 Type of contract: full-time internship under a school agreement<\/p>\n<p>\u2013 Duration: 6 months, starting in January or July<\/p>\n<p>\u2013 Location of the internship: at our offices in Lyon (45 rue de la Bourse, Lyon 69002) with occasional remote working possible<\/p>\n<p>\u2013 Remuneration: depending on profile<\/p>\n<p><br><\/p><p>Les plus&nbsp;<\/p>\n<p>\u2013 Leave: 1 day per month, which may be taken in a single block<\/p>\n<p>\u2013 Digital meal vouchers provided by our partner Swile (worth \u20ac12, 60% covered, i.e. maximum coverage)<\/p>\n<p>\u2013 100% coverage of your travel costs (Velo\u2019V subscription or public transport)<\/p>\n<p>\u2013 A supportive working environment where you can flourish and progress.<\/p>\n<p>\u2013 An exciting and fast-growing adventure where you will make an impact. Opportunities to join the team on a permanent contract at the end of the internship.<\/p>\n<p><br><\/p><p>To apply, please send your CV and cover letter to contact@manoterra.net with \u2018CLIMATE &amp; NATURE CONSULTANT INTERNSHIP\u2019 in the subject line.<\/p>\t\t\t\t\t\t\t\t<\/div>\n\t\t\t\t\t<\/div>\n\t\t\t\t<\/div>\n\t\t<div class=\"elementor-element elementor-element-91ca3dd e-flex e-con-boxed e-con e-parent\" data-id=\"91ca3dd\" data-element_type=\"container\" data-e-type=\"container\" data-settings=\"{&quot;background_background&quot;:&quot;classic&quot;}\">\n\t\t\t\t\t<div class=\"e-con-inner\">\n\t\t\t\t<div class=\"elementor-element elementor-element-79904e3 elementor-widget elementor-widget-heading\" data-id=\"79904e3\" data-element_type=\"widget\" data-e-type=\"widget\" data-widget_type=\"heading.default\">\n\t\t\t\t\t<h2 class=\"elementor-heading-title elementor-size-default\">Unsolicited application<\/h2>\t\t\t\t<\/div>\n\t\t\t\t<div class=\"elementor-element elementor-element-dd1be4c elementor-widget elementor-widget-text-editor\" data-id=\"dd1be4c\" data-element_type=\"widget\" data-e-type=\"widget\" data-widget_type=\"text-editor.default\">\n\t\t\t\t\t\t\t\t\t<p>In the event that our open positions do not correspond to your background but that our professions and our values drive you, do not hesitate to send us an unsolicited application.<\/p>\t\t\t\t\t\t\t\t<\/div>\n\t\t\t\t\t<\/div>\n\t\t\t\t<\/div>\n\t\t\t\t<\/div>","protected":false},"excerpt":{"rendered":"<p>Nous rejoindre Rejoignez-nous pour piloter la transition \u00e9cologique de demain en co-cr\u00e9ant avec nous des mod\u00e8les \u00e9conomiques soutenables et innovants. Anim\u00e9 par l\u2019intelligence collective, vous mettrez votre savoir-faire au service de strat\u00e9gies sur-mesure, o\u00f9 chaque id\u00e9e innovante se transforme en impact concret. Chez MANOTERRA notre force r\u00e9side dans la fusion de l\u2019expertise pointue et de [&hellip;]<\/p>\n","protected":false},"author":3,"featured_media":0,"parent":0,"menu_order":0,"comment_status":"closed","ping_status":"closed","template":"","meta":{"footnotes":""},"class_list":["post-3137","page","type-page","status-publish","hentry"],"yoast_head":"<!-- This site is optimized with the Yoast SEO plugin v27.6 - https:\/\/yoast.com\/product\/yoast-seo-wordpress\/ -->\n<title>NOUS REJOINDRE - Manoterra<\/title>\n<meta name=\"robots\" content=\"index, follow, max-snippet:-1, max-image-preview:large, max-video-preview:-1\" \/>\n<link rel=\"canonical\" href=\"https:\/\/manoterra.net\/en\/nous-rejoindre\/\" \/>\n<meta property=\"og:locale\" content=\"en_GB\" \/>\n<meta property=\"og:type\" content=\"article\" \/>\n<meta property=\"og:title\" content=\"NOUS REJOINDRE - Manoterra\" \/>\n<meta property=\"og:description\" content=\"Nous rejoindre Rejoignez-nous pour piloter la transition \u00e9cologique de demain en co-cr\u00e9ant avec nous des mod\u00e8les \u00e9conomiques soutenables et innovants. Anim\u00e9 par l\u2019intelligence collective, vous mettrez votre savoir-faire au service de strat\u00e9gies sur-mesure, o\u00f9 chaque id\u00e9e innovante se transforme en impact concret. Chez MANOTERRA notre force r\u00e9side dans la fusion de l\u2019expertise pointue et de [&hellip;]\" \/>\n<meta property=\"og:url\" content=\"https:\/\/manoterra.net\/en\/nous-rejoindre\/\" \/>\n<meta property=\"og:site_name\" content=\"Manoterra\" \/>\n<meta property=\"article:modified_time\" content=\"2025-12-29T16:19:38+00:00\" \/>\n<meta name=\"twitter:card\" content=\"summary_large_image\" \/>\n<meta name=\"twitter:label1\" content=\"Estimated reading time\" \/>\n\t<meta name=\"twitter:data1\" content=\"3 minutes\" \/>\n<script type=\"application\/ld+json\" class=\"yoast-schema-graph\">{\"@context\":\"https:\\\/\\\/schema.org\",\"@graph\":[{\"@type\":\"WebPage\",\"@id\":\"https:\\\/\\\/manoterra.net\\\/nous-rejoindre\\\/\",\"url\":\"https:\\\/\\\/manoterra.net\\\/nous-rejoindre\\\/\",\"name\":\"NOUS REJOINDRE - Manoterra\",\"isPartOf\":{\"@id\":\"https:\\\/\\\/manoterra.net\\\/#website\"},\"datePublished\":\"2025-12-29T15:31:23+00:00\",\"dateModified\":\"2025-12-29T16:19:38+00:00\",\"breadcrumb\":{\"@id\":\"https:\\\/\\\/manoterra.net\\\/nous-rejoindre\\\/#breadcrumb\"},\"inLanguage\":\"en-GB\",\"potentialAction\":[{\"@type\":\"ReadAction\",\"target\":[\"https:\\\/\\\/manoterra.net\\\/nous-rejoindre\\\/\"]}]},{\"@type\":\"BreadcrumbList\",\"@id\":\"https:\\\/\\\/manoterra.net\\\/nous-rejoindre\\\/#breadcrumb\",\"itemListElement\":[{\"@type\":\"ListItem\",\"position\":1,\"name\":\"Accueil\",\"item\":\"https:\\\/\\\/manoterra.net\\\/\"},{\"@type\":\"ListItem\",\"position\":2,\"name\":\"NOUS REJOINDRE\"}]},{\"@type\":\"WebSite\",\"@id\":\"https:\\\/\\\/manoterra.net\\\/#website\",\"url\":\"https:\\\/\\\/manoterra.net\\\/\",\"name\":\"Manoterra\",\"description\":\"Conseil en strat&eacute;gie environnementale\",\"publisher\":{\"@id\":\"https:\\\/\\\/manoterra.net\\\/#organization\"},\"potentialAction\":[{\"@type\":\"SearchAction\",\"target\":{\"@type\":\"EntryPoint\",\"urlTemplate\":\"https:\\\/\\\/manoterra.net\\\/?s={search_term_string}\"},\"query-input\":{\"@type\":\"PropertyValueSpecification\",\"valueRequired\":true,\"valueName\":\"search_term_string\"}}],\"inLanguage\":\"en-GB\"},{\"@type\":\"Organization\",\"@id\":\"https:\\\/\\\/manoterra.net\\\/#organization\",\"name\":\"Manoterra\",\"url\":\"https:\\\/\\\/manoterra.net\\\/\",\"logo\":{\"@type\":\"ImageObject\",\"inLanguage\":\"en-GB\",\"@id\":\"https:\\\/\\\/manoterra.net\\\/#\\\/schema\\\/logo\\\/image\\\/\",\"url\":\"https:\\\/\\\/manoterra.net\\\/wp-content\\\/uploads\\\/2025\\\/07\\\/Logo-ecorce-brulee-fond-blanc-1-1.jpg\",\"contentUrl\":\"https:\\\/\\\/manoterra.net\\\/wp-content\\\/uploads\\\/2025\\\/07\\\/Logo-ecorce-brulee-fond-blanc-1-1.jpg\",\"width\":397,\"height\":49,\"caption\":\"Manoterra\"},\"image\":{\"@id\":\"https:\\\/\\\/manoterra.net\\\/#\\\/schema\\\/logo\\\/image\\\/\"}}]}<\/script>\n<!-- \/ Yoast SEO plugin. -->","yoast_head_json":{"title":"NOUS REJOINDRE - Manoterra","robots":{"index":"index","follow":"follow","max-snippet":"max-snippet:-1","max-image-preview":"max-image-preview:large","max-video-preview":"max-video-preview:-1"},"canonical":"https:\/\/manoterra.net\/en\/nous-rejoindre\/","og_locale":"en_GB","og_type":"article","og_title":"NOUS REJOINDRE - Manoterra","og_description":"Nous rejoindre Rejoignez-nous pour piloter la transition \u00e9cologique de demain en co-cr\u00e9ant avec nous des mod\u00e8les \u00e9conomiques soutenables et innovants. Anim\u00e9 par l\u2019intelligence collective, vous mettrez votre savoir-faire au service de strat\u00e9gies sur-mesure, o\u00f9 chaque id\u00e9e innovante se transforme en impact concret. Chez MANOTERRA notre force r\u00e9side dans la fusion de l\u2019expertise pointue et de [&hellip;]","og_url":"https:\/\/manoterra.net\/en\/nous-rejoindre\/","og_site_name":"Manoterra","article_modified_time":"2025-12-29T16:19:38+00:00","twitter_card":"summary_large_image","twitter_misc":{"Estimated reading time":"3 minutes"},"schema":{"@context":"https:\/\/schema.org","@graph":[{"@type":"WebPage","@id":"https:\/\/manoterra.net\/nous-rejoindre\/","url":"https:\/\/manoterra.net\/nous-rejoindre\/","name":"NOUS REJOINDRE - Manoterra","isPartOf":{"@id":"https:\/\/manoterra.net\/#website"},"datePublished":"2025-12-29T15:31:23+00:00","dateModified":"2025-12-29T16:19:38+00:00","breadcrumb":{"@id":"https:\/\/manoterra.net\/nous-rejoindre\/#breadcrumb"},"inLanguage":"en-GB","potentialAction":[{"@type":"ReadAction","target":["https:\/\/manoterra.net\/nous-rejoindre\/"]}]},{"@type":"BreadcrumbList","@id":"https:\/\/manoterra.net\/nous-rejoindre\/#breadcrumb","itemListElement":[{"@type":"ListItem","position":1,"name":"Accueil","item":"https:\/\/manoterra.net\/"},{"@type":"ListItem","position":2,"name":"NOUS REJOINDRE"}]},{"@type":"WebSite","@id":"https:\/\/manoterra.net\/#website","url":"https:\/\/manoterra.net\/","name":"Manoterra","description":"Conseil en strat&eacute;gie environnementale","publisher":{"@id":"https:\/\/manoterra.net\/#organization"},"potentialAction":[{"@type":"SearchAction","target":{"@type":"EntryPoint","urlTemplate":"https:\/\/manoterra.net\/?s={search_term_string}"},"query-input":{"@type":"PropertyValueSpecification","valueRequired":true,"valueName":"search_term_string"}}],"inLanguage":"en-GB"},{"@type":"Organization","@id":"https:\/\/manoterra.net\/#organization","name":"Manoterra","url":"https:\/\/manoterra.net\/","logo":{"@type":"ImageObject","inLanguage":"en-GB","@id":"https:\/\/manoterra.net\/#\/schema\/logo\/image\/","url":"https:\/\/manoterra.net\/wp-content\/uploads\/2025\/07\/Logo-ecorce-brulee-fond-blanc-1-1.jpg","contentUrl":"https:\/\/manoterra.net\/wp-content\/uploads\/2025\/07\/Logo-ecorce-brulee-fond-blanc-1-1.jpg","width":397,"height":49,"caption":"Manoterra"},"image":{"@id":"https:\/\/manoterra.net\/#\/schema\/logo\/image\/"}}]}},"_links":{"self":[{"href":"https:\/\/manoterra.net\/en\/wp-json\/wp\/v2\/pages\/3137","targetHints":{"allow":["GET"]}}],"collection":[{"href":"https:\/\/manoterra.net\/en\/wp-json\/wp\/v2\/pages"}],"about":[{"href":"https:\/\/manoterra.net\/en\/wp-json\/wp\/v2\/types\/page"}],"author":[{"embeddable":true,"href":"https:\/\/manoterra.net\/en\/wp-json\/wp\/v2\/users\/3"}],"replies":[{"embeddable":true,"href":"https:\/\/manoterra.net\/en\/wp-json\/wp\/v2\/comments?post=3137"}],"version-history":[{"count":46,"href":"https:\/\/manoterra.net\/en\/wp-json\/wp\/v2\/pages\/3137\/revisions"}],"predecessor-version":[{"id":3193,"href":"https:\/\/manoterra.net\/en\/wp-json\/wp\/v2\/pages\/3137\/revisions\/3193"}],"wp:attachment":[{"href":"https:\/\/manoterra.net\/en\/wp-json\/wp\/v2\/media?parent=3137"}],"curies":[{"name":"wp","href":"https:\/\/api.w.org\/{rel}","templated":true}]}}