{"id":283,"date":"2025-07-30T14:52:44","date_gmt":"2025-07-30T14:52:44","guid":{"rendered":"https:\/\/manoterra.net\/?page_id=283"},"modified":"2025-09-01T09:06:59","modified_gmt":"2025-09-01T09:06:59","slug":"distribution","status":"publish","type":"page","link":"https:\/\/manoterra.net\/en\/distribution\/","title":{"rendered":"Distribution et b\u00e2timents"},"content":{"rendered":"<div data-elementor-type=\"wp-page\" data-elementor-id=\"283\" class=\"elementor elementor-283\" data-elementor-post-type=\"page\">\n\t\t\t\t<div class=\"elementor-element elementor-element-17d2c87c e-flex e-con-boxed e-con e-parent\" data-id=\"17d2c87c\" data-element_type=\"container\" data-e-type=\"container\">\n\t\t\t\t\t<div class=\"e-con-inner\">\n\t\t<div class=\"elementor-element elementor-element-3908319d e-con-full e-flex e-con e-child\" data-id=\"3908319d\" data-element_type=\"container\" data-e-type=\"container\">\n\t\t\t\t<div class=\"elementor-element elementor-element-5c3ec9ee elementor-widget elementor-widget-heading\" data-id=\"5c3ec9ee\" data-element_type=\"widget\" data-e-type=\"widget\" data-widget_type=\"heading.default\">\n\t\t\t\t\t<h1 class=\"elementor-heading-title elementor-size-default\">Distribution et b\u00e2timents<\/h1>\t\t\t\t<\/div>\n\t\t\t\t<div class=\"elementor-element elementor-element-338653e5 elementor-widget elementor-widget-heading\" data-id=\"338653e5\" data-element_type=\"widget\" data-e-type=\"widget\" data-widget_type=\"heading.default\">\n\t\t\t\t\t<p class=\"elementor-heading-title elementor-size-default\">Context and challenges\n<\/p>\t\t\t\t<\/div>\n\t\t\t\t<div class=\"elementor-element elementor-element-7f08d4ee elementor-widget elementor-widget-text-editor\" data-id=\"7f08d4ee\" data-element_type=\"widget\" data-e-type=\"widget\" data-widget_type=\"text-editor.default\">\n\t\t\t\t\t\t\t\t\t<p>The retail sector, a pillar of the global economy, is now facing major environmental challenges, particularly in terms of climate, water, biodiversity and land use change. Its heavy reliance on energy for store operations, logistics and distribution makes it one of the most carbon-intensive sectors. Water management is another crucial issue. Retail, through its demand for agricultural and manufactured products, contributes indirectly to water consumption and pollution during the production of raw materials, processing and transport of goods.\u00a0This pressure on water resources is increasing with the increase in production and distribution volumes, thus increasing the risks of water stress in certain regions of the world.  The issue of biodiversity is also central. Land use change, of which artificialization is one of the most impactful forms, is today the main factor in the erosion of terrestrial biodiversity. It causes the destruction and fragmentation of habitats, isolates animal and plant populations, and reduces the diversity of species, promoting the homogenization of living things to the detriment of local ecosystems.<br \/>Faced with these challenges, the transformation of the retail model seems essential. It involves reducing the carbon footprint of the supply chain, adopting responsible purchasing practices, promoting the circular economy, sustainable water management and preserving natural ecosystems. The commitment of retailers to a global approach to environmental transition is now a necessity to reconcile economic growth and respect for planetary boundaries.<\/p>\t\t\t\t\t\t\t\t<\/div>\n\t\t\t\t<\/div>\n\t\t<div class=\"elementor-element elementor-element-45feb06f e-con-full e-flex e-con e-child\" data-id=\"45feb06f\" data-element_type=\"container\" data-e-type=\"container\">\n\t\t\t\t<div class=\"elementor-element elementor-element-7f53378 elementor-widget elementor-widget-image\" data-id=\"7f53378\" data-element_type=\"widget\" data-e-type=\"widget\" data-widget_type=\"image.default\">\n\t\t\t\t\t\t\t\t\t\t\t\t\t\t\t<img fetchpriority=\"high\" decoding=\"async\" width=\"1000\" height=\"1000\" src=\"https:\/\/manoterra.net\/wp-content\/uploads\/2025\/08\/F0ET38-batiment-design-bois-2-1-1.jpg\" class=\"attachment-full size-full wp-image-1761\" alt=\"b\u00e2timent design bois\" srcset=\"https:\/\/manoterra.net\/wp-content\/uploads\/2025\/08\/F0ET38-batiment-design-bois-2-1-1.jpg 1000w, https:\/\/manoterra.net\/wp-content\/uploads\/2025\/08\/F0ET38-batiment-design-bois-2-1-1-300x300.jpg 300w, https:\/\/manoterra.net\/wp-content\/uploads\/2025\/08\/F0ET38-batiment-design-bois-2-1-1-150x150.jpg 150w, https:\/\/manoterra.net\/wp-content\/uploads\/2025\/08\/F0ET38-batiment-design-bois-2-1-1-768x768.jpg 768w, https:\/\/manoterra.net\/wp-content\/uploads\/2025\/08\/F0ET38-batiment-design-bois-2-1-1-12x12.jpg 12w\" sizes=\"(max-width: 1000px) 100vw, 1000px\" \/>\t\t\t\t\t\t\t\t\t\t\t\t\t\t\t<\/div>\n\t\t\t\t<\/div>\n\t\t\t\t\t<\/div>\n\t\t\t\t<\/div>\n\t\t<div class=\"elementor-element elementor-element-3a0d1aa8 e-flex e-con-boxed e-con e-parent\" data-id=\"3a0d1aa8\" data-element_type=\"container\" data-e-type=\"container\" data-settings=\"{&quot;background_background&quot;:&quot;classic&quot;}\">\n\t\t\t\t\t<div class=\"e-con-inner\">\n\t\t\t\t<div class=\"elementor-element elementor-element-1f49e79 elementor-widget elementor-widget-heading\" data-id=\"1f49e79\" data-element_type=\"widget\" data-e-type=\"widget\" data-widget_type=\"heading.default\">\n\t\t\t\t\t<h2 class=\"elementor-heading-title elementor-size-default\">Key figures<\/h2>\t\t\t\t<\/div>\n\t\t\t\t\t<\/div>\n\t\t\t\t<\/div>\n\t\t<div class=\"elementor-element elementor-element-438835ba e-flex e-con-boxed e-con e-parent\" data-id=\"438835ba\" data-element_type=\"container\" data-e-type=\"container\" data-settings=\"{&quot;background_background&quot;:&quot;classic&quot;}\">\n\t\t\t\t\t<div class=\"e-con-inner\">\n\t\t<div class=\"elementor-element elementor-element-1ca33590 e-con-full e-flex e-con e-child\" data-id=\"1ca33590\" data-element_type=\"container\" data-e-type=\"container\" data-settings=\"{&quot;background_background&quot;:&quot;classic&quot;}\">\n\t\t\t\t<div class=\"elementor-element elementor-element-5b29809a elementor-widget elementor-widget-heading\" data-id=\"5b29809a\" data-element_type=\"widget\" data-e-type=\"widget\" data-widget_type=\"heading.default\">\n\t\t\t\t\t<h3 class=\"elementor-heading-title elementor-size-default\"><strong>30%<\/strong><br \/>\nOf the world's final energy consumption\n\n<\/h3>\t\t\t\t<\/div>\n\t\t\t\t<div class=\"elementor-element elementor-element-f757fc9 elementor-widget elementor-widget-image\" data-id=\"f757fc9\" data-element_type=\"widget\" data-e-type=\"widget\" data-widget_type=\"image.default\">\n\t\t\t\t\t\t\t\t\t\t\t\t\t\t\t<img decoding=\"async\" width=\"300\" height=\"300\" src=\"https:\/\/manoterra.net\/wp-content\/uploads\/2025\/08\/pastille-blanche-carbone.svg\" class=\"attachment-medium size-medium wp-image-1367\" alt=\"empreinte carbone\" \/>\t\t\t\t\t\t\t\t\t\t\t\t\t\t\t<\/div>\n\t\t\t\t<\/div>\n\t\t<div class=\"elementor-element elementor-element-52128c3a e-con-full e-flex e-con e-child\" data-id=\"52128c3a\" data-element_type=\"container\" data-e-type=\"container\" data-settings=\"{&quot;background_background&quot;:&quot;classic&quot;}\">\n\t\t\t\t<div class=\"elementor-element elementor-element-1b1d7c79 elementor-widget elementor-widget-heading\" data-id=\"1b1d7c79\" data-element_type=\"widget\" data-e-type=\"widget\" data-widget_type=\"heading.default\">\n\t\t\t\t\t<h3 class=\"elementor-heading-title elementor-size-default\"><strong>1,700 Liters<\/strong><br \/>\nWater consumed per m\u00b2 per year for an average U.S. shopping mall\n<\/h3>\t\t\t\t<\/div>\n\t\t\t\t<div class=\"elementor-element elementor-element-12e4fc72 elementor-widget elementor-widget-image\" data-id=\"12e4fc72\" data-element_type=\"widget\" data-e-type=\"widget\" data-widget_type=\"image.default\">\n\t\t\t\t\t\t\t\t\t\t\t\t\t\t\t<img decoding=\"async\" width=\"150\" height=\"150\" src=\"https:\/\/manoterra.net\/wp-content\/uploads\/2025\/08\/pastille-verte-eau.svg\" class=\"attachment-thumbnail size-thumbnail wp-image-1380\" alt=\"gestion de l&#039;eau\" \/>\t\t\t\t\t\t\t\t\t\t\t\t\t\t\t<\/div>\n\t\t\t\t<\/div>\n\t\t<div class=\"elementor-element elementor-element-55fa51fc e-con-full e-flex e-con e-child\" data-id=\"55fa51fc\" data-element_type=\"container\" data-e-type=\"container\" data-settings=\"{&quot;background_background&quot;:&quot;classic&quot;}\">\n\t\t\t\t<div class=\"elementor-element elementor-element-263abc35 elementor-widget elementor-widget-heading\" data-id=\"263abc35\" data-element_type=\"widget\" data-e-type=\"widget\" data-widget_type=\"heading.default\">\n\t\t\t\t\t<h3 class=\"elementor-heading-title elementor-size-default\"><strong>1.7 Milliards<\/strong><br \/>\nParcels delivered in France per year<\/h3>\t\t\t\t<\/div>\n\t\t\t\t<div class=\"elementor-element elementor-element-6ef9793b elementor-widget elementor-widget-image\" data-id=\"6ef9793b\" data-element_type=\"widget\" data-e-type=\"widget\" data-widget_type=\"image.default\">\n\t\t\t\t\t\t\t\t\t\t\t\t\t\t\t<img loading=\"lazy\" decoding=\"async\" width=\"150\" height=\"150\" src=\"https:\/\/manoterra.net\/wp-content\/uploads\/2025\/08\/pastille-roche-planete-feuille.svg\" class=\"attachment-thumbnail size-thumbnail wp-image-1372\" alt=\"Biodiversit\u00e9\" \/>\t\t\t\t\t\t\t\t\t\t\t\t\t\t\t<\/div>\n\t\t\t\t<\/div>\n\t\t\t\t\t<\/div>\n\t\t\t\t<\/div>\n\t\t<div class=\"elementor-element elementor-element-2cdb30b e-flex e-con-boxed e-con e-parent\" data-id=\"2cdb30b\" data-element_type=\"container\" data-e-type=\"container\" data-settings=\"{&quot;background_background&quot;:&quot;classic&quot;}\">\n\t\t\t\t\t<div class=\"e-con-inner\">\n\t\t\t\t<div class=\"elementor-element elementor-element-e35dba1 elementor-widget elementor-widget-text-editor\" data-id=\"e35dba1\" data-element_type=\"widget\" data-e-type=\"widget\" data-widget_type=\"text-editor.default\">\n\t\t\t\t\t\t\t\t\t<p>Sources : AIE,\u00a0 Eurostat, Phoenix ICI Water Study Presentation to Urban Water Demand Roundtable,\u00a0Mail and parcel observatory<\/p>\t\t\t\t\t\t\t\t<\/div>\n\t\t\t\t\t<\/div>\n\t\t\t\t<\/div>\n\t\t<div class=\"elementor-element elementor-element-34d08991 e-flex e-con-boxed e-con e-parent\" data-id=\"34d08991\" data-element_type=\"container\" data-e-type=\"container\">\n\t\t\t\t\t<div class=\"e-con-inner\">\n\t\t<div class=\"elementor-element elementor-element-25626f3 e-con-full e-flex e-con e-child\" data-id=\"25626f3\" data-element_type=\"container\" data-e-type=\"container\">\n\t\t\t\t<div class=\"elementor-element elementor-element-493ac99c elementor-widget elementor-widget-image\" data-id=\"493ac99c\" data-element_type=\"widget\" data-e-type=\"widget\" data-widget_type=\"image.default\">\n\t\t\t\t\t\t\t\t\t\t\t\t\t\t\t<img loading=\"lazy\" decoding=\"async\" width=\"1200\" height=\"1000\" src=\"https:\/\/manoterra.net\/wp-content\/uploads\/2025\/08\/2HTY38F-batiments-retail-interieur-2-1-1.jpg\" class=\"attachment-full size-full wp-image-1779\" alt=\"\" srcset=\"https:\/\/manoterra.net\/wp-content\/uploads\/2025\/08\/2HTY38F-batiments-retail-interieur-2-1-1.jpg 1200w, https:\/\/manoterra.net\/wp-content\/uploads\/2025\/08\/2HTY38F-batiments-retail-interieur-2-1-1-300x250.jpg 300w, https:\/\/manoterra.net\/wp-content\/uploads\/2025\/08\/2HTY38F-batiments-retail-interieur-2-1-1-1024x853.jpg 1024w, https:\/\/manoterra.net\/wp-content\/uploads\/2025\/08\/2HTY38F-batiments-retail-interieur-2-1-1-768x640.jpg 768w, https:\/\/manoterra.net\/wp-content\/uploads\/2025\/08\/2HTY38F-batiments-retail-interieur-2-1-1-14x12.jpg 14w\" sizes=\"(max-width: 1200px) 100vw, 1200px\" \/>\t\t\t\t\t\t\t\t\t\t\t\t\t\t\t<\/div>\n\t\t\t\t<\/div>\n\t\t<div class=\"elementor-element elementor-element-62e8dff4 e-con-full e-flex e-con e-child\" data-id=\"62e8dff4\" data-element_type=\"container\" data-e-type=\"container\">\n\t\t\t\t<div class=\"elementor-element elementor-element-76b76fc4 elementor-widget elementor-widget-heading\" data-id=\"76b76fc4\" data-element_type=\"widget\" data-e-type=\"widget\" data-widget_type=\"heading.default\">\n\t\t\t\t\t<h2 class=\"elementor-heading-title elementor-size-default\">Our support<\/h2>\t\t\t\t<\/div>\n\t\t\t\t<div class=\"elementor-element elementor-element-60bd9171 elementor-widget elementor-widget-text-editor\" data-id=\"60bd9171\" data-element_type=\"widget\" data-e-type=\"widget\" data-widget_type=\"text-editor.default\">\n\t\t\t\t\t\t\t\t\t<p><strong style=\"font-weight: 400;\"> Establish your environmental footprint<\/strong><\/p><p>We assess your greenhouse gas emissions across your entire value chain (energy consumption, your purchases, the transport of goods, the construction of your points of sale, etc.), we establish a water balance (direct consumption but also the virtual water contained in your products) and review the pressures exerted on biodiversity (land artificialization, etc.).  overexploitation of resources and pollution). Thanks to the analysis of your invoices, literature data, LCAs and a sector benchmark, we quantify your CO\u2082 emissions, your water withdrawals and the pressures on riparian ecosystems, in order to identify your main environmental \"hot spots\" and to prioritize actions with a strong reduction lever.<\/p><p><strong style=\"font-weight: 400;\">Assess your vulnerability to climate hazards<\/strong><\/p><p>we confront your operating models with physical threats (heat waves affecting air conditioning, storms, water stress) and transition risks (rising energy costs, energy performance obligations, carbon pricing). By modulating these variables in prospective scenarios, we highlight your vulnerabilities \u2013 possible business interruptions, additional operational costs \u2013 and your opportunities to strengthen resilience, such as thermal renovation, the installation of passive protection or access to green financing.<\/p>\t\t\t\t\t\t\t\t<\/div>\n\t\t\t\t<\/div>\n\t\t\t\t\t<\/div>\n\t\t\t\t<\/div>\n\t\t<div class=\"elementor-element elementor-element-3b01cb8f e-flex e-con-boxed e-con e-parent\" data-id=\"3b01cb8f\" data-element_type=\"container\" data-e-type=\"container\" data-settings=\"{&quot;background_background&quot;:&quot;classic&quot;}\">\n\t\t\t\t\t<div class=\"e-con-inner\">\n\t\t<div class=\"elementor-element elementor-element-566dcb9c e-con-full e-flex e-con e-child\" data-id=\"566dcb9c\" data-element_type=\"container\" data-e-type=\"container\">\n\t\t\t\t<div class=\"elementor-element elementor-element-472543bf elementor-widget elementor-widget-text-editor\" data-id=\"472543bf\" data-element_type=\"widget\" data-e-type=\"widget\" data-widget_type=\"text-editor.default\">\n\t\t\t\t\t\t\t\t\t<p><strong style=\"font-weight: 400;\">Tracing, selecting and engaging your suppliers<\/strong><\/p><p>The heart of your sustainable performance lies in the control of your supply chain. We map your product flows, from the import of goods to their distribution in stores, assessing the environmental impacts of each supplier. Using recognised benchmarks and due diligence questionnaires, we measure their water management, emissions and biodiversity preservation policies. This approach of auditing and co-constructing continuous improvement plans allows you to strengthen traceability, establish responsible partnerships and demand clear commitments in terms of impact reduction.<\/p><p><strong style=\"font-weight: 400;\">Structure your non-financial reporting<\/strong><\/p><p>we support you in the formalization and dissemination of your environmental and social results. We transform your key indicators \u2014 scope 1 to 3 emissions, water\/m\u00b2 ratios, percentage of labeled suppliers \u2014 into dynamic dashboards and narratives that comply with CSRD standards, CDP, transition plan and European taxonomies. With these ready-to-use tools and documents, you secure your regulatory obligations, strengthen the trust of your stakeholders and position your brand as a committed and transparent retail player.<\/p>\t\t\t\t\t\t\t\t<\/div>\n\t\t\t\t<\/div>\n\t\t<div class=\"elementor-element elementor-element-41b0ae2f e-con-full e-flex e-con e-child\" data-id=\"41b0ae2f\" data-element_type=\"container\" data-e-type=\"container\">\n\t\t\t\t<div class=\"elementor-element elementor-element-11790a9a elementor-widget elementor-widget-image\" data-id=\"11790a9a\" data-element_type=\"widget\" data-e-type=\"widget\" data-widget_type=\"image.default\">\n\t\t\t\t\t\t\t\t\t\t\t\t\t\t\t<img loading=\"lazy\" decoding=\"async\" width=\"1200\" height=\"1000\" src=\"https:\/\/manoterra.net\/wp-content\/uploads\/2025\/08\/M02ME0-batiemnt-design-verre-2-1.jpg\" class=\"attachment-full size-full wp-image-1777\" alt=\"\" srcset=\"https:\/\/manoterra.net\/wp-content\/uploads\/2025\/08\/M02ME0-batiemnt-design-verre-2-1.jpg 1200w, https:\/\/manoterra.net\/wp-content\/uploads\/2025\/08\/M02ME0-batiemnt-design-verre-2-1-300x250.jpg 300w, https:\/\/manoterra.net\/wp-content\/uploads\/2025\/08\/M02ME0-batiemnt-design-verre-2-1-1024x853.jpg 1024w, https:\/\/manoterra.net\/wp-content\/uploads\/2025\/08\/M02ME0-batiemnt-design-verre-2-1-768x640.jpg 768w, https:\/\/manoterra.net\/wp-content\/uploads\/2025\/08\/M02ME0-batiemnt-design-verre-2-1-14x12.jpg 14w\" sizes=\"(max-width: 1200px) 100vw, 1200px\" \/>\t\t\t\t\t\t\t\t\t\t\t\t\t\t\t<\/div>\n\t\t\t\t<\/div>\n\t\t\t\t\t<\/div>\n\t\t\t\t<\/div>\n\t\t\t\t<\/div>","protected":false},"excerpt":{"rendered":"<p>Distribution et b\u00e2timents Contexte et enjeux Le secteur du retail, pilier de l\u2019\u00e9conomie mondiale, est aujourd\u2019hui confront\u00e9 \u00e0 des d\u00e9fis\u00a0environnementaux majeurs, notamment en mati\u00e8re de climat, d\u2019eau, de biodiversit\u00e9 et de\u00a0changement d\u2019affectation des sols. Sa forte d\u00e9pendance \u00e0 l\u2019\u00e9nergie pour l\u2019exploitation des magasins,\u00a0la logistique et la distribution en fait l\u2019un des secteurs les plus intensifs [&hellip;]<\/p>\n","protected":false},"author":2,"featured_media":0,"parent":0,"menu_order":0,"comment_status":"closed","ping_status":"closed","template":"","meta":{"footnotes":""},"class_list":["post-283","page","type-page","status-publish","hentry"],"yoast_head":"<!-- This site is optimized with the Yoast SEO plugin v27.5 - https:\/\/yoast.com\/product\/yoast-seo-wordpress\/ -->\n<title>Les enjeux environnementaux du secteur de la distribution<\/title>\n<meta name=\"description\" content=\"Distribution : limiter l\u2019impact environnemental par des pratiques durables, bas carbone, pr\u00e9servation des \u00e9cosyst\u00e8mes...\" \/>\n<meta name=\"robots\" content=\"index, follow, max-snippet:-1, max-image-preview:large, max-video-preview:-1\" \/>\n<link rel=\"canonical\" href=\"https:\/\/manoterra.net\/en\/distribution\/\" \/>\n<meta property=\"og:locale\" content=\"en_GB\" \/>\n<meta property=\"og:type\" content=\"article\" \/>\n<meta property=\"og:title\" content=\"Les enjeux environnementaux du secteur de la distribution\" \/>\n<meta property=\"og:description\" content=\"Distribution : limiter l\u2019impact environnemental par des pratiques durables, bas carbone, pr\u00e9servation des \u00e9cosyst\u00e8mes...\" \/>\n<meta property=\"og:url\" content=\"https:\/\/manoterra.net\/en\/distribution\/\" \/>\n<meta property=\"og:site_name\" content=\"Manoterra\" \/>\n<meta property=\"article:modified_time\" content=\"2025-09-01T09:06:59+00:00\" \/>\n<meta property=\"og:image\" content=\"https:\/\/manoterra.net\/wp-content\/uploads\/2025\/08\/F0ET38-batiment-design-bois-2-1-1.jpg\" \/>\n\t<meta property=\"og:image:width\" content=\"1000\" \/>\n\t<meta property=\"og:image:height\" content=\"1000\" \/>\n\t<meta property=\"og:image:type\" content=\"image\/jpeg\" \/>\n<meta name=\"twitter:card\" content=\"summary_large_image\" \/>\n<meta name=\"twitter:label1\" content=\"Estimated reading time\" \/>\n\t<meta name=\"twitter:data1\" content=\"4 minutes\" \/>\n<script type=\"application\/ld+json\" class=\"yoast-schema-graph\">{\"@context\":\"https:\\\/\\\/schema.org\",\"@graph\":[{\"@type\":\"WebPage\",\"@id\":\"https:\\\/\\\/manoterra.net\\\/distribution\\\/\",\"url\":\"https:\\\/\\\/manoterra.net\\\/distribution\\\/\",\"name\":\"Les enjeux environnementaux du secteur de la distribution\",\"isPartOf\":{\"@id\":\"https:\\\/\\\/manoterra.net\\\/#website\"},\"primaryImageOfPage\":{\"@id\":\"https:\\\/\\\/manoterra.net\\\/distribution\\\/#primaryimage\"},\"image\":{\"@id\":\"https:\\\/\\\/manoterra.net\\\/distribution\\\/#primaryimage\"},\"thumbnailUrl\":\"https:\\\/\\\/manoterra.net\\\/wp-content\\\/uploads\\\/2025\\\/08\\\/F0ET38-batiment-design-bois-2-1-1.jpg\",\"datePublished\":\"2025-07-30T14:52:44+00:00\",\"dateModified\":\"2025-09-01T09:06:59+00:00\",\"description\":\"Distribution : limiter l\u2019impact environnemental par des pratiques durables, bas carbone, pr\u00e9servation des \u00e9cosyst\u00e8mes...\",\"breadcrumb\":{\"@id\":\"https:\\\/\\\/manoterra.net\\\/distribution\\\/#breadcrumb\"},\"inLanguage\":\"en-GB\",\"potentialAction\":[{\"@type\":\"ReadAction\",\"target\":[\"https:\\\/\\\/manoterra.net\\\/distribution\\\/\"]}]},{\"@type\":\"ImageObject\",\"inLanguage\":\"en-GB\",\"@id\":\"https:\\\/\\\/manoterra.net\\\/distribution\\\/#primaryimage\",\"url\":\"https:\\\/\\\/manoterra.net\\\/wp-content\\\/uploads\\\/2025\\\/08\\\/F0ET38-batiment-design-bois-2-1-1.jpg\",\"contentUrl\":\"https:\\\/\\\/manoterra.net\\\/wp-content\\\/uploads\\\/2025\\\/08\\\/F0ET38-batiment-design-bois-2-1-1.jpg\"},{\"@type\":\"BreadcrumbList\",\"@id\":\"https:\\\/\\\/manoterra.net\\\/distribution\\\/#breadcrumb\",\"itemListElement\":[{\"@type\":\"ListItem\",\"position\":1,\"name\":\"Accueil\",\"item\":\"https:\\\/\\\/manoterra.net\\\/\"},{\"@type\":\"ListItem\",\"position\":2,\"name\":\"Distribution et b\u00e2timents\"}]},{\"@type\":\"WebSite\",\"@id\":\"https:\\\/\\\/manoterra.net\\\/#website\",\"url\":\"https:\\\/\\\/manoterra.net\\\/\",\"name\":\"Manoterra\",\"description\":\"Conseil en strat&eacute;gie environnementale\",\"publisher\":{\"@id\":\"https:\\\/\\\/manoterra.net\\\/#organization\"},\"potentialAction\":[{\"@type\":\"SearchAction\",\"target\":{\"@type\":\"EntryPoint\",\"urlTemplate\":\"https:\\\/\\\/manoterra.net\\\/?s={search_term_string}\"},\"query-input\":{\"@type\":\"PropertyValueSpecification\",\"valueRequired\":true,\"valueName\":\"search_term_string\"}}],\"inLanguage\":\"en-GB\"},{\"@type\":\"Organization\",\"@id\":\"https:\\\/\\\/manoterra.net\\\/#organization\",\"name\":\"Manoterra\",\"url\":\"https:\\\/\\\/manoterra.net\\\/\",\"logo\":{\"@type\":\"ImageObject\",\"inLanguage\":\"en-GB\",\"@id\":\"https:\\\/\\\/manoterra.net\\\/#\\\/schema\\\/logo\\\/image\\\/\",\"url\":\"https:\\\/\\\/manoterra.net\\\/wp-content\\\/uploads\\\/2025\\\/07\\\/Logo-ecorce-brulee-fond-blanc-1-1.jpg\",\"contentUrl\":\"https:\\\/\\\/manoterra.net\\\/wp-content\\\/uploads\\\/2025\\\/07\\\/Logo-ecorce-brulee-fond-blanc-1-1.jpg\",\"width\":397,\"height\":49,\"caption\":\"Manoterra\"},\"image\":{\"@id\":\"https:\\\/\\\/manoterra.net\\\/#\\\/schema\\\/logo\\\/image\\\/\"}}]}<\/script>\n<!-- \/ Yoast SEO plugin. -->","yoast_head_json":{"title":"Les enjeux environnementaux du secteur de la distribution","description":"Distribution : limiter l\u2019impact environnemental par des pratiques durables, bas carbone, pr\u00e9servation des \u00e9cosyst\u00e8mes...","robots":{"index":"index","follow":"follow","max-snippet":"max-snippet:-1","max-image-preview":"max-image-preview:large","max-video-preview":"max-video-preview:-1"},"canonical":"https:\/\/manoterra.net\/en\/distribution\/","og_locale":"en_GB","og_type":"article","og_title":"Les enjeux environnementaux du secteur de la distribution","og_description":"Distribution : limiter l\u2019impact environnemental par des pratiques durables, bas carbone, pr\u00e9servation des \u00e9cosyst\u00e8mes...","og_url":"https:\/\/manoterra.net\/en\/distribution\/","og_site_name":"Manoterra","article_modified_time":"2025-09-01T09:06:59+00:00","og_image":[{"width":1000,"height":1000,"url":"https:\/\/manoterra.net\/wp-content\/uploads\/2025\/08\/F0ET38-batiment-design-bois-2-1-1.jpg","type":"image\/jpeg"}],"twitter_card":"summary_large_image","twitter_misc":{"Estimated reading time":"4 minutes"},"schema":{"@context":"https:\/\/schema.org","@graph":[{"@type":"WebPage","@id":"https:\/\/manoterra.net\/distribution\/","url":"https:\/\/manoterra.net\/distribution\/","name":"Les enjeux environnementaux du secteur de la distribution","isPartOf":{"@id":"https:\/\/manoterra.net\/#website"},"primaryImageOfPage":{"@id":"https:\/\/manoterra.net\/distribution\/#primaryimage"},"image":{"@id":"https:\/\/manoterra.net\/distribution\/#primaryimage"},"thumbnailUrl":"https:\/\/manoterra.net\/wp-content\/uploads\/2025\/08\/F0ET38-batiment-design-bois-2-1-1.jpg","datePublished":"2025-07-30T14:52:44+00:00","dateModified":"2025-09-01T09:06:59+00:00","description":"Distribution : limiter l\u2019impact environnemental par des pratiques durables, bas carbone, pr\u00e9servation des \u00e9cosyst\u00e8mes...","breadcrumb":{"@id":"https:\/\/manoterra.net\/distribution\/#breadcrumb"},"inLanguage":"en-GB","potentialAction":[{"@type":"ReadAction","target":["https:\/\/manoterra.net\/distribution\/"]}]},{"@type":"ImageObject","inLanguage":"en-GB","@id":"https:\/\/manoterra.net\/distribution\/#primaryimage","url":"https:\/\/manoterra.net\/wp-content\/uploads\/2025\/08\/F0ET38-batiment-design-bois-2-1-1.jpg","contentUrl":"https:\/\/manoterra.net\/wp-content\/uploads\/2025\/08\/F0ET38-batiment-design-bois-2-1-1.jpg"},{"@type":"BreadcrumbList","@id":"https:\/\/manoterra.net\/distribution\/#breadcrumb","itemListElement":[{"@type":"ListItem","position":1,"name":"Accueil","item":"https:\/\/manoterra.net\/"},{"@type":"ListItem","position":2,"name":"Distribution et b\u00e2timents"}]},{"@type":"WebSite","@id":"https:\/\/manoterra.net\/#website","url":"https:\/\/manoterra.net\/","name":"Manoterra","description":"Conseil en strat&eacute;gie environnementale","publisher":{"@id":"https:\/\/manoterra.net\/#organization"},"potentialAction":[{"@type":"SearchAction","target":{"@type":"EntryPoint","urlTemplate":"https:\/\/manoterra.net\/?s={search_term_string}"},"query-input":{"@type":"PropertyValueSpecification","valueRequired":true,"valueName":"search_term_string"}}],"inLanguage":"en-GB"},{"@type":"Organization","@id":"https:\/\/manoterra.net\/#organization","name":"Manoterra","url":"https:\/\/manoterra.net\/","logo":{"@type":"ImageObject","inLanguage":"en-GB","@id":"https:\/\/manoterra.net\/#\/schema\/logo\/image\/","url":"https:\/\/manoterra.net\/wp-content\/uploads\/2025\/07\/Logo-ecorce-brulee-fond-blanc-1-1.jpg","contentUrl":"https:\/\/manoterra.net\/wp-content\/uploads\/2025\/07\/Logo-ecorce-brulee-fond-blanc-1-1.jpg","width":397,"height":49,"caption":"Manoterra"},"image":{"@id":"https:\/\/manoterra.net\/#\/schema\/logo\/image\/"}}]}},"_links":{"self":[{"href":"https:\/\/manoterra.net\/en\/wp-json\/wp\/v2\/pages\/283","targetHints":{"allow":["GET"]}}],"collection":[{"href":"https:\/\/manoterra.net\/en\/wp-json\/wp\/v2\/pages"}],"about":[{"href":"https:\/\/manoterra.net\/en\/wp-json\/wp\/v2\/types\/page"}],"author":[{"embeddable":true,"href":"https:\/\/manoterra.net\/en\/wp-json\/wp\/v2\/users\/2"}],"replies":[{"embeddable":true,"href":"https:\/\/manoterra.net\/en\/wp-json\/wp\/v2\/comments?post=283"}],"version-history":[{"count":47,"href":"https:\/\/manoterra.net\/en\/wp-json\/wp\/v2\/pages\/283\/revisions"}],"predecessor-version":[{"id":2921,"href":"https:\/\/manoterra.net\/en\/wp-json\/wp\/v2\/pages\/283\/revisions\/2921"}],"wp:attachment":[{"href":"https:\/\/manoterra.net\/en\/wp-json\/wp\/v2\/media?parent=283"}],"curies":[{"name":"wp","href":"https:\/\/api.w.org\/{rel}","templated":true}]}}