{"id":281,"date":"2025-07-30T14:52:26","date_gmt":"2025-07-30T14:52:26","guid":{"rendered":"https:\/\/manoterra.net\/?page_id=281"},"modified":"2025-09-01T09:04:31","modified_gmt":"2025-09-01T09:04:31","slug":"hotellerie-et-tourisme","status":"publish","type":"page","link":"https:\/\/manoterra.net\/en\/hotellerie-et-tourisme\/","title":{"rendered":"Hotellerie et tourisme"},"content":{"rendered":"<div data-elementor-type=\"wp-page\" data-elementor-id=\"281\" class=\"elementor elementor-281\" data-elementor-post-type=\"page\">\n\t\t\t\t<div class=\"elementor-element elementor-element-23ad6849 e-flex e-con-boxed e-con e-parent\" data-id=\"23ad6849\" data-element_type=\"container\" data-e-type=\"container\">\n\t\t\t\t\t<div class=\"e-con-inner\">\n\t\t<div class=\"elementor-element elementor-element-116ccecf e-con-full e-flex e-con e-child\" data-id=\"116ccecf\" data-element_type=\"container\" data-e-type=\"container\">\n\t\t\t\t<div class=\"elementor-element elementor-element-19834397 elementor-widget elementor-widget-heading\" data-id=\"19834397\" data-element_type=\"widget\" data-e-type=\"widget\" data-widget_type=\"heading.default\">\n\t\t\t\t\t<h1 class=\"elementor-heading-title elementor-size-default\">HOTELS AND TOURISM<\/h1>\t\t\t\t<\/div>\n\t\t\t\t<div class=\"elementor-element elementor-element-648b61c1 elementor-widget elementor-widget-heading\" data-id=\"648b61c1\" data-element_type=\"widget\" data-e-type=\"widget\" data-widget_type=\"heading.default\">\n\t\t\t\t\t<p class=\"elementor-heading-title elementor-size-default\">Context and challenges\n<\/p>\t\t\t\t<\/div>\n\t\t\t\t<div class=\"elementor-element elementor-element-60c6fc67 elementor-widget elementor-widget-text-editor\" data-id=\"60c6fc67\" data-element_type=\"widget\" data-e-type=\"widget\" data-widget_type=\"text-editor.default\">\n\t\t\t\t\t\t\t\t\t<p>The resource-intensive hotel industry is now at a turning point: it accounts for almost 1% of global CO\u2082 emissions and uses an average of 250 litres of water per night per guest. Hotels must manage large volumes of waste (single-use plastics, textiles, food packaging) while maintaining impeccable service. In terms of energy, heating, air conditioning and lighting weigh heavily in the carbon bill; the integration of smart management systems (BMS), heat pumps and renewable energies is becoming essential. It is also a question of constructing buildings that meet the most ambitious standards in terms of materials used (reuse, materials with a low environmental impact) and making these infrastructures real carbon sinks (use of wood).  Biodiversity and water quality are threatened by soil sealing and pollution from grey water. In addition, tourist mobility \u2013 planes, rental cars and road transport \u2013 accounts for 77% of tourism's carbon footprint, 41% of which comes solely from air transport. Finally, hotel food also contributes to climate change: global food waste generates greenhouse gas emissions, a significant part that is largely due to buffets and collective catering services. These dimensions \u2013 construction, transport and food \u2013 must be integrated into energy efficiency, low-carbon mobility and circular waste management strategies to reconcile customer experience and environmental responsibility.<\/p>\t\t\t\t\t\t\t\t<\/div>\n\t\t\t\t<\/div>\n\t\t<div class=\"elementor-element elementor-element-ace00c0 e-con-full e-flex e-con e-child\" data-id=\"ace00c0\" data-element_type=\"container\" data-e-type=\"container\">\n\t\t\t\t<div class=\"elementor-element elementor-element-57c958af elementor-widget elementor-widget-image\" data-id=\"57c958af\" data-element_type=\"widget\" data-e-type=\"widget\" data-widget_type=\"image.default\">\n\t\t\t\t\t\t\t\t\t\t\t\t\t\t\t<img fetchpriority=\"high\" decoding=\"async\" width=\"1000\" height=\"1000\" src=\"https:\/\/manoterra.net\/wp-content\/uploads\/2025\/08\/DDW76Y-plage-Bora-2-1-1.jpg\" class=\"attachment-full size-full wp-image-1735\" alt=\"H\u00f4tellerie et tourisme: les enjeux et contraintes\" srcset=\"https:\/\/manoterra.net\/wp-content\/uploads\/2025\/08\/DDW76Y-plage-Bora-2-1-1.jpg 1000w, https:\/\/manoterra.net\/wp-content\/uploads\/2025\/08\/DDW76Y-plage-Bora-2-1-1-300x300.jpg 300w, https:\/\/manoterra.net\/wp-content\/uploads\/2025\/08\/DDW76Y-plage-Bora-2-1-1-150x150.jpg 150w, https:\/\/manoterra.net\/wp-content\/uploads\/2025\/08\/DDW76Y-plage-Bora-2-1-1-768x768.jpg 768w, https:\/\/manoterra.net\/wp-content\/uploads\/2025\/08\/DDW76Y-plage-Bora-2-1-1-12x12.jpg 12w\" sizes=\"(max-width: 1000px) 100vw, 1000px\" \/>\t\t\t\t\t\t\t\t\t\t\t\t\t\t\t<\/div>\n\t\t\t\t<\/div>\n\t\t\t\t\t<\/div>\n\t\t\t\t<\/div>\n\t\t<div class=\"elementor-element elementor-element-7fe54c32 e-flex e-con-boxed e-con e-parent\" data-id=\"7fe54c32\" data-element_type=\"container\" data-e-type=\"container\" data-settings=\"{&quot;background_background&quot;:&quot;classic&quot;}\">\n\t\t\t\t\t<div class=\"e-con-inner\">\n\t\t\t\t<div class=\"elementor-element elementor-element-cac3c16 elementor-widget elementor-widget-heading\" data-id=\"cac3c16\" data-element_type=\"widget\" data-e-type=\"widget\" data-widget_type=\"heading.default\">\n\t\t\t\t\t<h2 class=\"elementor-heading-title elementor-size-default\">Key figures<\/h2>\t\t\t\t<\/div>\n\t\t\t\t\t<\/div>\n\t\t\t\t<\/div>\n\t\t<div class=\"elementor-element elementor-element-7cb0a06e e-flex e-con-boxed e-con e-parent\" data-id=\"7cb0a06e\" data-element_type=\"container\" data-e-type=\"container\" data-settings=\"{&quot;background_background&quot;:&quot;classic&quot;}\">\n\t\t\t\t\t<div class=\"e-con-inner\">\n\t\t<div class=\"elementor-element elementor-element-e0aec3d e-con-full e-flex e-con e-child\" data-id=\"e0aec3d\" data-element_type=\"container\" data-e-type=\"container\" data-settings=\"{&quot;background_background&quot;:&quot;classic&quot;}\">\n\t\t\t\t<div class=\"elementor-element elementor-element-79aaf4f9 elementor-widget elementor-widget-heading\" data-id=\"79aaf4f9\" data-element_type=\"widget\" data-e-type=\"widget\" data-widget_type=\"heading.default\">\n\t\t\t\t\t<h3 class=\"elementor-heading-title elementor-size-default\"><strong>12%<\/strong><br \/>\nof global emissions driven by tourism\n<\/h3>\t\t\t\t<\/div>\n\t\t\t\t<div class=\"elementor-element elementor-element-1e60199 elementor-widget elementor-widget-image\" data-id=\"1e60199\" data-element_type=\"widget\" data-e-type=\"widget\" data-widget_type=\"image.default\">\n\t\t\t\t\t\t\t\t\t\t\t\t\t\t\t<img decoding=\"async\" width=\"300\" height=\"300\" src=\"https:\/\/manoterra.net\/wp-content\/uploads\/2025\/08\/pastille-blanche-carbone.svg\" class=\"attachment-medium size-medium wp-image-1367\" alt=\"empreinte carbone\" \/>\t\t\t\t\t\t\t\t\t\t\t\t\t\t\t<\/div>\n\t\t\t\t<\/div>\n\t\t<div class=\"elementor-element elementor-element-41c03d42 e-con-full e-flex e-con e-child\" data-id=\"41c03d42\" data-element_type=\"container\" data-e-type=\"container\" data-settings=\"{&quot;background_background&quot;:&quot;classic&quot;}\">\n\t\t\t\t<div class=\"elementor-element elementor-element-3323aef7 elementor-widget elementor-widget-heading\" data-id=\"3323aef7\" data-element_type=\"widget\" data-e-type=\"widget\" data-widget_type=\"heading.default\">\n\t\t\t\t\t<h3 class=\"elementor-heading-title elementor-size-default\"><strong>250 Liters<\/strong><br \/>\nAverage water consumption for an overnight stay\n<\/h3>\t\t\t\t<\/div>\n\t\t\t\t<div class=\"elementor-element elementor-element-2b8639be elementor-widget elementor-widget-image\" data-id=\"2b8639be\" data-element_type=\"widget\" data-e-type=\"widget\" data-widget_type=\"image.default\">\n\t\t\t\t\t\t\t\t\t\t\t\t\t\t\t<img decoding=\"async\" width=\"150\" height=\"150\" src=\"https:\/\/manoterra.net\/wp-content\/uploads\/2025\/08\/pastille-verte-eau.svg\" class=\"attachment-thumbnail size-thumbnail wp-image-1380\" alt=\"gestion de l&#039;eau\" \/>\t\t\t\t\t\t\t\t\t\t\t\t\t\t\t<\/div>\n\t\t\t\t<\/div>\n\t\t<div class=\"elementor-element elementor-element-3057da4c e-con-full e-flex e-con e-child\" data-id=\"3057da4c\" data-element_type=\"container\" data-e-type=\"container\" data-settings=\"{&quot;background_background&quot;:&quot;classic&quot;}\">\n\t\t\t\t<div class=\"elementor-element elementor-element-3d3e6d26 elementor-widget elementor-widget-heading\" data-id=\"3d3e6d26\" data-element_type=\"widget\" data-e-type=\"widget\" data-widget_type=\"heading.default\">\n\t\t\t\t\t<h3 class=\"elementor-heading-title elementor-size-default\"><strong>1.2 kg<\/strong><br \/>\nWaste per person <br \/>per night<\/h3>\t\t\t\t<\/div>\n\t\t\t\t<div class=\"elementor-element elementor-element-581b1105 elementor-widget elementor-widget-image\" data-id=\"581b1105\" data-element_type=\"widget\" data-e-type=\"widget\" data-widget_type=\"image.default\">\n\t\t\t\t\t\t\t\t\t\t\t\t\t\t\t<img loading=\"lazy\" decoding=\"async\" width=\"150\" height=\"150\" src=\"https:\/\/manoterra.net\/wp-content\/uploads\/2025\/08\/pastille-roche-planete-feuille.svg\" class=\"attachment-thumbnail size-thumbnail wp-image-1372\" alt=\"Biodiversit\u00e9\" \/>\t\t\t\t\t\t\t\t\t\t\t\t\t\t\t<\/div>\n\t\t\t\t<\/div>\n\t\t\t\t\t<\/div>\n\t\t\t\t<\/div>\n\t\t<div class=\"elementor-element elementor-element-68d2519 e-flex e-con-boxed e-con e-parent\" data-id=\"68d2519\" data-element_type=\"container\" data-e-type=\"container\" data-settings=\"{&quot;background_background&quot;:&quot;classic&quot;}\">\n\t\t\t\t\t<div class=\"e-con-inner\">\n\t\t\t\t<div class=\"elementor-element elementor-element-316e508 elementor-widget elementor-widget-text-editor\" data-id=\"316e508\" data-element_type=\"widget\" data-e-type=\"widget\" data-widget_type=\"text-editor.default\">\n\t\t\t\t\t\t\t\t\t<p>Sources : An environnement, Eurostat, Made Blue foundation, ADEME<\/p>\t\t\t\t\t\t\t\t<\/div>\n\t\t\t\t\t<\/div>\n\t\t\t\t<\/div>\n\t\t<div class=\"elementor-element elementor-element-5f349145 e-flex e-con-boxed e-con e-parent\" data-id=\"5f349145\" data-element_type=\"container\" data-e-type=\"container\">\n\t\t\t\t\t<div class=\"e-con-inner\">\n\t\t<div class=\"elementor-element elementor-element-5a9aa26 e-con-full e-flex e-con e-child\" data-id=\"5a9aa26\" data-element_type=\"container\" data-e-type=\"container\">\n\t\t\t\t<div class=\"elementor-element elementor-element-52dabcc elementor-widget elementor-widget-image\" data-id=\"52dabcc\" data-element_type=\"widget\" data-e-type=\"widget\" data-widget_type=\"image.default\">\n\t\t\t\t\t\t\t\t\t\t\t\t\t\t\t<img loading=\"lazy\" decoding=\"async\" width=\"1200\" height=\"1000\" src=\"https:\/\/manoterra.net\/wp-content\/uploads\/2025\/08\/ENMNPR-petit-dejeuner-1-1.jpg\" class=\"attachment-full size-full wp-image-1745\" alt=\"H\u00f4tellerie: petit d\u00e9jeuner\" srcset=\"https:\/\/manoterra.net\/wp-content\/uploads\/2025\/08\/ENMNPR-petit-dejeuner-1-1.jpg 1200w, https:\/\/manoterra.net\/wp-content\/uploads\/2025\/08\/ENMNPR-petit-dejeuner-1-1-300x250.jpg 300w, https:\/\/manoterra.net\/wp-content\/uploads\/2025\/08\/ENMNPR-petit-dejeuner-1-1-1024x853.jpg 1024w, https:\/\/manoterra.net\/wp-content\/uploads\/2025\/08\/ENMNPR-petit-dejeuner-1-1-768x640.jpg 768w, https:\/\/manoterra.net\/wp-content\/uploads\/2025\/08\/ENMNPR-petit-dejeuner-1-1-14x12.jpg 14w\" sizes=\"(max-width: 1200px) 100vw, 1200px\" \/>\t\t\t\t\t\t\t\t\t\t\t\t\t\t\t<\/div>\n\t\t\t\t<\/div>\n\t\t<div class=\"elementor-element elementor-element-21fc877d e-con-full e-flex e-con e-child\" data-id=\"21fc877d\" data-element_type=\"container\" data-e-type=\"container\">\n\t\t\t\t<div class=\"elementor-element elementor-element-410735ff elementor-widget elementor-widget-heading\" data-id=\"410735ff\" data-element_type=\"widget\" data-e-type=\"widget\" data-widget_type=\"heading.default\">\n\t\t\t\t\t<h2 class=\"elementor-heading-title elementor-size-default\">Our support<\/h2>\t\t\t\t<\/div>\n\t\t\t\t<div class=\"elementor-element elementor-element-55208a0b elementor-widget elementor-widget-text-editor\" data-id=\"55208a0b\" data-element_type=\"widget\" data-e-type=\"widget\" data-widget_type=\"text-editor.default\">\n\t\t\t\t\t\t\t\t\t<p><strong style=\"font-weight: 400;\">Define the levels of pressure exerted on your environment<\/strong><\/p>\n<p>Our support begins with a holistic mapping of your environmental footprint, where the analysis goes beyond the water and energy consumption of hotel buildings to encompass all your activities. We measure not only your heating, air conditioning and lighting usage, but also the pressure exerted by the catering industry (waste, food supply) and the mobility of your customers (air transport, shuttles, rental vehicles). This phase allows us to quantify your CO\u2082 emissions, water withdrawals and impacts on local biodiversity \u2014 soil sealing, greywater discharges, ecosystem disturbance \u2014 in order to precisely target your main \"hot spots\".<\/p>\n<p><strong style=\"font-weight: 400;\">Analysing your vulnerability to climate change<\/strong><\/p>\n<p>We carry out studies of climate risks and transition issues, for example, drought episodes affecting your water reserves, heat waves affecting air conditioning, the risk of flooding of your infrastructure, but also regulatory changes (carbon tax, energy performance standards) and changes in customer expectations (low-carbon tourism, etc.).  responsible food). This scripting work highlights the vulnerabilities of your model and, at the same time, the opportunities for differentiation \u2014 for example, by developing \"zero-carbon stay\" offers or by promoting your agro-ecological commitments in catering.<\/p>\t\t\t\t\t\t\t\t<\/div>\n\t\t\t\t<\/div>\n\t\t\t\t\t<\/div>\n\t\t\t\t<\/div>\n\t\t<div class=\"elementor-element elementor-element-afc3a4c e-flex e-con-boxed e-con e-parent\" data-id=\"afc3a4c\" data-element_type=\"container\" data-e-type=\"container\" data-settings=\"{&quot;background_background&quot;:&quot;classic&quot;}\">\n\t\t\t\t\t<div class=\"e-con-inner\">\n\t\t<div class=\"elementor-element elementor-element-c58d6e0 e-con-full e-flex e-con e-child\" data-id=\"c58d6e0\" data-element_type=\"container\" data-e-type=\"container\">\n\t\t\t\t<div class=\"elementor-element elementor-element-28aca5e8 elementor-widget elementor-widget-text-editor\" data-id=\"28aca5e8\" data-element_type=\"widget\" data-e-type=\"widget\" data-widget_type=\"text-editor.default\">\n\t\t\t\t\t\t\t\t\t<p><strong style=\"font-weight: 400;\">To look at the value chain and its partners<\/strong><\/p>\n<p>from the sourcing of building materials and technical equipment (heat pumps, automated management systems) to daily hotel services (bio-labelled linen, sustainable welcome products), not to mention the logistics of food purchases and waste recycling. Thanks to traceability protocols and prioritization matrices, we identify levers with high potential \u2014 closed water loops, short circuits for cooking, pooling of transport, reuse of materials \u2014 while preserving your operational excellence. We engage all your suppliers in an environmental approach that promotes the resilience and sustainability of your activities.<\/p>\n<p><strong style=\"font-weight: 400;\">Communicate on your sustainable commitments<\/strong><\/p>\n<p>we help you structure robust extra-financial reporting, by transforming your key indicators \u2013 water per night, CO2e scope 1 to 3, volumes of waste recovered, share of local purchases \u2013 into dashboards and narratives that comply with CSRD, CDP, GRI standards and green taxonomies. This will give you a ready-to-use device to communicate clearly with authorities, investors and your customers, and to confidently steer your transition to resilient and responsible tourism.<\/p>\t\t\t\t\t\t\t\t<\/div>\n\t\t\t\t<\/div>\n\t\t<div class=\"elementor-element elementor-element-55c739bd e-con-full e-flex e-con e-child\" data-id=\"55c739bd\" data-element_type=\"container\" data-e-type=\"container\">\n\t\t\t\t<div class=\"elementor-element elementor-element-69dc64ba elementor-widget elementor-widget-image\" data-id=\"69dc64ba\" data-element_type=\"widget\" data-e-type=\"widget\" data-widget_type=\"image.default\">\n\t\t\t\t\t\t\t\t\t\t\t\t\t\t\t<img loading=\"lazy\" decoding=\"async\" width=\"1200\" height=\"1000\" src=\"https:\/\/manoterra.net\/wp-content\/uploads\/2025\/08\/CRAC46-plongee-coraux-1-1.jpg\" class=\"attachment-full size-full wp-image-1750\" alt=\"Le tourisme: les enjeux environnementaux\" srcset=\"https:\/\/manoterra.net\/wp-content\/uploads\/2025\/08\/CRAC46-plongee-coraux-1-1.jpg 1200w, https:\/\/manoterra.net\/wp-content\/uploads\/2025\/08\/CRAC46-plongee-coraux-1-1-300x250.jpg 300w, https:\/\/manoterra.net\/wp-content\/uploads\/2025\/08\/CRAC46-plongee-coraux-1-1-1024x853.jpg 1024w, https:\/\/manoterra.net\/wp-content\/uploads\/2025\/08\/CRAC46-plongee-coraux-1-1-768x640.jpg 768w, https:\/\/manoterra.net\/wp-content\/uploads\/2025\/08\/CRAC46-plongee-coraux-1-1-14x12.jpg 14w\" sizes=\"(max-width: 1200px) 100vw, 1200px\" \/>\t\t\t\t\t\t\t\t\t\t\t\t\t\t\t<\/div>\n\t\t\t\t<\/div>\n\t\t\t\t\t<\/div>\n\t\t\t\t<\/div>\n\t\t\t\t<\/div>","protected":false},"excerpt":{"rendered":"<p>HOTELLERIE ET TOURISME Contexte et enjeux Le secteur de l\u2019h\u00f4tellerie, grand consommateur de ressources, se trouve aujourd\u2019hui \u00e0 un tournant : il repr\u00e9sente pr\u00e8s de 1 % des \u00e9missions mondiales de CO\u2082 et utilise en moyenne 250 litres d\u2019eau par nuit\u00e9e et par client. Les h\u00f4tels doivent g\u00e9rer d\u2019importants volumes de d\u00e9chets (plastiques \u00e0 usage [&hellip;]<\/p>\n","protected":false},"author":2,"featured_media":0,"parent":0,"menu_order":0,"comment_status":"closed","ping_status":"closed","template":"","meta":{"footnotes":""},"class_list":["post-281","page","type-page","status-publish","hentry"],"yoast_head":"<!-- This site is optimized with the Yoast SEO plugin v27.6 - https:\/\/yoast.com\/product\/yoast-seo-wordpress\/ -->\n<title>L&#039;h\u00f4tellerie et le tourisme: Adaptation aux d\u00e9fis environnementaux<\/title>\n<meta name=\"description\" content=\"H\u00f4tellerie et tourisme : adopter des solutions durables pour l\u2019eau, l\u2019\u00e9nergie, les d\u00e9chets, les transports et la restauration collective.\" \/>\n<meta name=\"robots\" content=\"index, follow, max-snippet:-1, max-image-preview:large, max-video-preview:-1\" \/>\n<link rel=\"canonical\" href=\"https:\/\/manoterra.net\/en\/hotellerie-et-tourisme\/\" \/>\n<meta property=\"og:locale\" content=\"en_GB\" \/>\n<meta property=\"og:type\" content=\"article\" \/>\n<meta property=\"og:title\" content=\"L&#039;h\u00f4tellerie et le tourisme: Adaptation aux d\u00e9fis environnementaux\" \/>\n<meta property=\"og:description\" content=\"H\u00f4tellerie et tourisme : adopter des solutions durables pour l\u2019eau, l\u2019\u00e9nergie, les d\u00e9chets, les transports et la restauration collective.\" \/>\n<meta property=\"og:url\" content=\"https:\/\/manoterra.net\/en\/hotellerie-et-tourisme\/\" \/>\n<meta property=\"og:site_name\" content=\"Manoterra\" \/>\n<meta property=\"article:modified_time\" content=\"2025-09-01T09:04:31+00:00\" \/>\n<meta property=\"og:image\" content=\"https:\/\/manoterra.net\/wp-content\/uploads\/2025\/08\/DDW76Y-plage-Bora-2-1-1.jpg\" \/>\n\t<meta property=\"og:image:width\" content=\"1000\" \/>\n\t<meta property=\"og:image:height\" content=\"1000\" \/>\n\t<meta property=\"og:image:type\" content=\"image\/jpeg\" \/>\n<meta name=\"twitter:card\" content=\"summary_large_image\" \/>\n<meta name=\"twitter:label1\" content=\"Estimated reading time\" \/>\n\t<meta name=\"twitter:data1\" content=\"4 minutes\" \/>\n<script type=\"application\/ld+json\" class=\"yoast-schema-graph\">{\"@context\":\"https:\\\/\\\/schema.org\",\"@graph\":[{\"@type\":\"WebPage\",\"@id\":\"https:\\\/\\\/manoterra.net\\\/hotellerie-et-tourisme\\\/\",\"url\":\"https:\\\/\\\/manoterra.net\\\/hotellerie-et-tourisme\\\/\",\"name\":\"L'h\u00f4tellerie et le tourisme: Adaptation aux d\u00e9fis environnementaux\",\"isPartOf\":{\"@id\":\"https:\\\/\\\/manoterra.net\\\/#website\"},\"primaryImageOfPage\":{\"@id\":\"https:\\\/\\\/manoterra.net\\\/hotellerie-et-tourisme\\\/#primaryimage\"},\"image\":{\"@id\":\"https:\\\/\\\/manoterra.net\\\/hotellerie-et-tourisme\\\/#primaryimage\"},\"thumbnailUrl\":\"https:\\\/\\\/manoterra.net\\\/wp-content\\\/uploads\\\/2025\\\/08\\\/DDW76Y-plage-Bora-2-1-1.jpg\",\"datePublished\":\"2025-07-30T14:52:26+00:00\",\"dateModified\":\"2025-09-01T09:04:31+00:00\",\"description\":\"H\u00f4tellerie et tourisme : adopter des solutions durables pour l\u2019eau, l\u2019\u00e9nergie, les d\u00e9chets, les transports et la restauration collective.\",\"breadcrumb\":{\"@id\":\"https:\\\/\\\/manoterra.net\\\/hotellerie-et-tourisme\\\/#breadcrumb\"},\"inLanguage\":\"en-GB\",\"potentialAction\":[{\"@type\":\"ReadAction\",\"target\":[\"https:\\\/\\\/manoterra.net\\\/hotellerie-et-tourisme\\\/\"]}]},{\"@type\":\"ImageObject\",\"inLanguage\":\"en-GB\",\"@id\":\"https:\\\/\\\/manoterra.net\\\/hotellerie-et-tourisme\\\/#primaryimage\",\"url\":\"https:\\\/\\\/manoterra.net\\\/wp-content\\\/uploads\\\/2025\\\/08\\\/DDW76Y-plage-Bora-2-1-1.jpg\",\"contentUrl\":\"https:\\\/\\\/manoterra.net\\\/wp-content\\\/uploads\\\/2025\\\/08\\\/DDW76Y-plage-Bora-2-1-1.jpg\"},{\"@type\":\"BreadcrumbList\",\"@id\":\"https:\\\/\\\/manoterra.net\\\/hotellerie-et-tourisme\\\/#breadcrumb\",\"itemListElement\":[{\"@type\":\"ListItem\",\"position\":1,\"name\":\"Accueil\",\"item\":\"https:\\\/\\\/manoterra.net\\\/\"},{\"@type\":\"ListItem\",\"position\":2,\"name\":\"Hotellerie et tourisme\"}]},{\"@type\":\"WebSite\",\"@id\":\"https:\\\/\\\/manoterra.net\\\/#website\",\"url\":\"https:\\\/\\\/manoterra.net\\\/\",\"name\":\"Manoterra\",\"description\":\"Conseil en strat&eacute;gie environnementale\",\"publisher\":{\"@id\":\"https:\\\/\\\/manoterra.net\\\/#organization\"},\"potentialAction\":[{\"@type\":\"SearchAction\",\"target\":{\"@type\":\"EntryPoint\",\"urlTemplate\":\"https:\\\/\\\/manoterra.net\\\/?s={search_term_string}\"},\"query-input\":{\"@type\":\"PropertyValueSpecification\",\"valueRequired\":true,\"valueName\":\"search_term_string\"}}],\"inLanguage\":\"en-GB\"},{\"@type\":\"Organization\",\"@id\":\"https:\\\/\\\/manoterra.net\\\/#organization\",\"name\":\"Manoterra\",\"url\":\"https:\\\/\\\/manoterra.net\\\/\",\"logo\":{\"@type\":\"ImageObject\",\"inLanguage\":\"en-GB\",\"@id\":\"https:\\\/\\\/manoterra.net\\\/#\\\/schema\\\/logo\\\/image\\\/\",\"url\":\"https:\\\/\\\/manoterra.net\\\/wp-content\\\/uploads\\\/2025\\\/07\\\/Logo-ecorce-brulee-fond-blanc-1-1.jpg\",\"contentUrl\":\"https:\\\/\\\/manoterra.net\\\/wp-content\\\/uploads\\\/2025\\\/07\\\/Logo-ecorce-brulee-fond-blanc-1-1.jpg\",\"width\":397,\"height\":49,\"caption\":\"Manoterra\"},\"image\":{\"@id\":\"https:\\\/\\\/manoterra.net\\\/#\\\/schema\\\/logo\\\/image\\\/\"}}]}<\/script>\n<!-- \/ Yoast SEO plugin. -->","yoast_head_json":{"title":"L'h\u00f4tellerie et le tourisme: Adaptation aux d\u00e9fis environnementaux","description":"H\u00f4tellerie et tourisme : adopter des solutions durables pour l\u2019eau, l\u2019\u00e9nergie, les d\u00e9chets, les transports et la restauration collective.","robots":{"index":"index","follow":"follow","max-snippet":"max-snippet:-1","max-image-preview":"max-image-preview:large","max-video-preview":"max-video-preview:-1"},"canonical":"https:\/\/manoterra.net\/en\/hotellerie-et-tourisme\/","og_locale":"en_GB","og_type":"article","og_title":"L'h\u00f4tellerie et le tourisme: Adaptation aux d\u00e9fis environnementaux","og_description":"H\u00f4tellerie et tourisme : adopter des solutions durables pour l\u2019eau, l\u2019\u00e9nergie, les d\u00e9chets, les transports et la restauration collective.","og_url":"https:\/\/manoterra.net\/en\/hotellerie-et-tourisme\/","og_site_name":"Manoterra","article_modified_time":"2025-09-01T09:04:31+00:00","og_image":[{"width":1000,"height":1000,"url":"https:\/\/manoterra.net\/wp-content\/uploads\/2025\/08\/DDW76Y-plage-Bora-2-1-1.jpg","type":"image\/jpeg"}],"twitter_card":"summary_large_image","twitter_misc":{"Estimated reading time":"4 minutes"},"schema":{"@context":"https:\/\/schema.org","@graph":[{"@type":"WebPage","@id":"https:\/\/manoterra.net\/hotellerie-et-tourisme\/","url":"https:\/\/manoterra.net\/hotellerie-et-tourisme\/","name":"L'h\u00f4tellerie et le tourisme: Adaptation aux d\u00e9fis environnementaux","isPartOf":{"@id":"https:\/\/manoterra.net\/#website"},"primaryImageOfPage":{"@id":"https:\/\/manoterra.net\/hotellerie-et-tourisme\/#primaryimage"},"image":{"@id":"https:\/\/manoterra.net\/hotellerie-et-tourisme\/#primaryimage"},"thumbnailUrl":"https:\/\/manoterra.net\/wp-content\/uploads\/2025\/08\/DDW76Y-plage-Bora-2-1-1.jpg","datePublished":"2025-07-30T14:52:26+00:00","dateModified":"2025-09-01T09:04:31+00:00","description":"H\u00f4tellerie et tourisme : adopter des solutions durables pour l\u2019eau, l\u2019\u00e9nergie, les d\u00e9chets, les transports et la restauration collective.","breadcrumb":{"@id":"https:\/\/manoterra.net\/hotellerie-et-tourisme\/#breadcrumb"},"inLanguage":"en-GB","potentialAction":[{"@type":"ReadAction","target":["https:\/\/manoterra.net\/hotellerie-et-tourisme\/"]}]},{"@type":"ImageObject","inLanguage":"en-GB","@id":"https:\/\/manoterra.net\/hotellerie-et-tourisme\/#primaryimage","url":"https:\/\/manoterra.net\/wp-content\/uploads\/2025\/08\/DDW76Y-plage-Bora-2-1-1.jpg","contentUrl":"https:\/\/manoterra.net\/wp-content\/uploads\/2025\/08\/DDW76Y-plage-Bora-2-1-1.jpg"},{"@type":"BreadcrumbList","@id":"https:\/\/manoterra.net\/hotellerie-et-tourisme\/#breadcrumb","itemListElement":[{"@type":"ListItem","position":1,"name":"Accueil","item":"https:\/\/manoterra.net\/"},{"@type":"ListItem","position":2,"name":"Hotellerie et tourisme"}]},{"@type":"WebSite","@id":"https:\/\/manoterra.net\/#website","url":"https:\/\/manoterra.net\/","name":"Manoterra","description":"Conseil en strat&eacute;gie environnementale","publisher":{"@id":"https:\/\/manoterra.net\/#organization"},"potentialAction":[{"@type":"SearchAction","target":{"@type":"EntryPoint","urlTemplate":"https:\/\/manoterra.net\/?s={search_term_string}"},"query-input":{"@type":"PropertyValueSpecification","valueRequired":true,"valueName":"search_term_string"}}],"inLanguage":"en-GB"},{"@type":"Organization","@id":"https:\/\/manoterra.net\/#organization","name":"Manoterra","url":"https:\/\/manoterra.net\/","logo":{"@type":"ImageObject","inLanguage":"en-GB","@id":"https:\/\/manoterra.net\/#\/schema\/logo\/image\/","url":"https:\/\/manoterra.net\/wp-content\/uploads\/2025\/07\/Logo-ecorce-brulee-fond-blanc-1-1.jpg","contentUrl":"https:\/\/manoterra.net\/wp-content\/uploads\/2025\/07\/Logo-ecorce-brulee-fond-blanc-1-1.jpg","width":397,"height":49,"caption":"Manoterra"},"image":{"@id":"https:\/\/manoterra.net\/#\/schema\/logo\/image\/"}}]}},"_links":{"self":[{"href":"https:\/\/manoterra.net\/en\/wp-json\/wp\/v2\/pages\/281","targetHints":{"allow":["GET"]}}],"collection":[{"href":"https:\/\/manoterra.net\/en\/wp-json\/wp\/v2\/pages"}],"about":[{"href":"https:\/\/manoterra.net\/en\/wp-json\/wp\/v2\/types\/page"}],"author":[{"embeddable":true,"href":"https:\/\/manoterra.net\/en\/wp-json\/wp\/v2\/users\/2"}],"replies":[{"embeddable":true,"href":"https:\/\/manoterra.net\/en\/wp-json\/wp\/v2\/comments?post=281"}],"version-history":[{"count":58,"href":"https:\/\/manoterra.net\/en\/wp-json\/wp\/v2\/pages\/281\/revisions"}],"predecessor-version":[{"id":2917,"href":"https:\/\/manoterra.net\/en\/wp-json\/wp\/v2\/pages\/281\/revisions\/2917"}],"wp:attachment":[{"href":"https:\/\/manoterra.net\/en\/wp-json\/wp\/v2\/media?parent=281"}],"curies":[{"name":"wp","href":"https:\/\/api.w.org\/{rel}","templated":true}]}}