{"id":275,"date":"2025-07-30T14:51:06","date_gmt":"2025-07-30T14:51:06","guid":{"rendered":"https:\/\/manoterra.net\/?page_id=275"},"modified":"2025-08-28T11:40:36","modified_gmt":"2025-08-28T11:40:36","slug":"parfums-et-cosmetiques","status":"publish","type":"page","link":"https:\/\/manoterra.net\/en\/parfums-et-cosmetiques\/","title":{"rendered":"Perfumes and cosmetics"},"content":{"rendered":"<div data-elementor-type=\"wp-page\" data-elementor-id=\"275\" class=\"elementor elementor-275\" data-elementor-post-type=\"page\">\n\t\t\t\t<div class=\"elementor-element elementor-element-4480475a e-con-full e-flex e-con e-parent\" data-id=\"4480475a\" data-element_type=\"container\" data-e-type=\"container\">\n\t\t<div class=\"elementor-element elementor-element-29b70f0e e-con-full e-flex e-con e-child\" data-id=\"29b70f0e\" data-element_type=\"container\" data-e-type=\"container\">\n\t\t\t\t<div class=\"elementor-element elementor-element-5638ae48 elementor-widget elementor-widget-heading\" data-id=\"5638ae48\" data-element_type=\"widget\" data-e-type=\"widget\" data-widget_type=\"heading.default\">\n\t\t\t\t\t<h1 class=\"elementor-heading-title elementor-size-default\">PERFUMES AND COSMETICS\n<\/h1>\t\t\t\t<\/div>\n\t\t\t\t<div class=\"elementor-element elementor-element-5fadaa07 elementor-widget elementor-widget-heading\" data-id=\"5fadaa07\" data-element_type=\"widget\" data-e-type=\"widget\" data-widget_type=\"heading.default\">\n\t\t\t\t\t<p class=\"elementor-heading-title elementor-size-default\">Context and challenges\n<\/p>\t\t\t\t<\/div>\n\t\t\t\t<div class=\"elementor-element elementor-element-8ed46c6 elementor-widget elementor-widget-text-editor\" data-id=\"8ed46c6\" data-element_type=\"widget\" data-e-type=\"widget\" data-widget_type=\"text-editor.default\">\n\t\t\t\t\t\t\t\t\t<p>The perfume and cosmetics sector is currently facing major environmental challenges. The production of fragrances and formulas requires significant amounts of water and energy, while the extraction of natural ingredients (essential oils, botanical extracts, palm oil) puts a strain on biodiversity and tropical ecosystems. Packaging, often made of multi-layer plastic or precious glass, generates waste that is difficult to recycle. In addition, traditional chemistry still uses synthetic substances that are persistent or toxic to aquatic fauna. Under pressure from regulations and consumers, the sector is reinventing itself: substitution of ingredients with reduced impact, biodegradable formulations, refillable bottles, short circuit of raw materials and sustainable chemistry to limit carbon footprint and pollution.<\/p>\t\t\t\t\t\t\t\t<\/div>\n\t\t\t\t<\/div>\n\t\t<div class=\"elementor-element elementor-element-2ccaa8e7 e-con-full e-flex e-con e-child\" data-id=\"2ccaa8e7\" data-element_type=\"container\" data-e-type=\"container\">\n\t\t\t\t<div class=\"elementor-element elementor-element-1d5b73fe elementor-widget elementor-widget-image\" data-id=\"1d5b73fe\" data-element_type=\"widget\" data-e-type=\"widget\" data-widget_type=\"image.default\">\n\t\t\t\t\t\t\t\t\t\t\t\t\t\t\t<img fetchpriority=\"high\" decoding=\"async\" width=\"1000\" height=\"1000\" src=\"https:\/\/manoterra.net\/wp-content\/uploads\/2025\/08\/2C279AR-flacons-parfums-1-1.jpg\" class=\"attachment-full size-full wp-image-1647\" alt=\"Parfums et cosm\u00e9tiques: contexte et enjeux\" srcset=\"https:\/\/manoterra.net\/wp-content\/uploads\/2025\/08\/2C279AR-flacons-parfums-1-1.jpg 1000w, https:\/\/manoterra.net\/wp-content\/uploads\/2025\/08\/2C279AR-flacons-parfums-1-1-300x300.jpg 300w, https:\/\/manoterra.net\/wp-content\/uploads\/2025\/08\/2C279AR-flacons-parfums-1-1-150x150.jpg 150w, https:\/\/manoterra.net\/wp-content\/uploads\/2025\/08\/2C279AR-flacons-parfums-1-1-768x768.jpg 768w, https:\/\/manoterra.net\/wp-content\/uploads\/2025\/08\/2C279AR-flacons-parfums-1-1-12x12.jpg 12w\" sizes=\"(max-width: 1000px) 100vw, 1000px\" \/>\t\t\t\t\t\t\t\t\t\t\t\t\t\t\t<\/div>\n\t\t\t\t<\/div>\n\t\t\t\t<\/div>\n\t\t<div class=\"elementor-element elementor-element-1ef2ce26 e-flex e-con-boxed e-con e-parent\" data-id=\"1ef2ce26\" data-element_type=\"container\" data-e-type=\"container\" data-settings=\"{&quot;background_background&quot;:&quot;classic&quot;}\">\n\t\t\t\t\t<div class=\"e-con-inner\">\n\t\t\t\t<div class=\"elementor-element elementor-element-f58ba71 elementor-widget elementor-widget-heading\" data-id=\"f58ba71\" data-element_type=\"widget\" data-e-type=\"widget\" data-widget_type=\"heading.default\">\n\t\t\t\t\t<h2 class=\"elementor-heading-title elementor-size-default\">Key figures<\/h2>\t\t\t\t<\/div>\n\t\t\t\t\t<\/div>\n\t\t\t\t<\/div>\n\t\t<div class=\"elementor-element elementor-element-60d9047e e-flex e-con-boxed e-con e-parent\" data-id=\"60d9047e\" data-element_type=\"container\" data-e-type=\"container\" data-settings=\"{&quot;background_background&quot;:&quot;classic&quot;}\">\n\t\t\t\t\t<div class=\"e-con-inner\">\n\t\t<div class=\"elementor-element elementor-element-68f24aab e-con-full e-flex e-con e-child\" data-id=\"68f24aab\" data-element_type=\"container\" data-e-type=\"container\" data-settings=\"{&quot;background_background&quot;:&quot;classic&quot;}\">\n\t\t\t\t<div class=\"elementor-element elementor-element-36ec428 elementor-widget elementor-widget-heading\" data-id=\"36ec428\" data-element_type=\"widget\" data-e-type=\"widget\" data-widget_type=\"heading.default\">\n\t\t\t\t\t<h3 class=\"elementor-heading-title elementor-size-default\"><strong>0.5%<\/strong><br \/>\nof global GHG emissions\n<\/h3>\t\t\t\t<\/div>\n\t\t\t\t<div class=\"elementor-element elementor-element-3204f174 elementor-widget elementor-widget-image\" data-id=\"3204f174\" data-element_type=\"widget\" data-e-type=\"widget\" data-widget_type=\"image.default\">\n\t\t\t\t\t\t\t\t\t\t\t\t\t\t\t<img decoding=\"async\" width=\"300\" height=\"300\" src=\"https:\/\/manoterra.net\/wp-content\/uploads\/2025\/08\/pastille-blanche-carbone.svg\" class=\"attachment-medium size-medium wp-image-1367\" alt=\"empreinte carbone\" \/>\t\t\t\t\t\t\t\t\t\t\t\t\t\t\t<\/div>\n\t\t\t\t<\/div>\n\t\t<div class=\"elementor-element elementor-element-77f3e72 e-con-full e-flex e-con e-child\" data-id=\"77f3e72\" data-element_type=\"container\" data-e-type=\"container\" data-settings=\"{&quot;background_background&quot;:&quot;classic&quot;}\">\n\t\t\t\t<div class=\"elementor-element elementor-element-77a63a1b elementor-widget elementor-widget-heading\" data-id=\"77a63a1b\" data-element_type=\"widget\" data-e-type=\"widget\" data-widget_type=\"heading.default\">\n\t\t\t\t\t<h3 class=\"elementor-heading-title elementor-size-default\"><strong>104 million m3<\/strong><br \/>\nGlobal water consumed for the sector in 2020\n<\/h3>\t\t\t\t<\/div>\n\t\t\t\t<div class=\"elementor-element elementor-element-c987216 elementor-widget elementor-widget-image\" data-id=\"c987216\" data-element_type=\"widget\" data-e-type=\"widget\" data-widget_type=\"image.default\">\n\t\t\t\t\t\t\t\t\t\t\t\t\t\t\t<img decoding=\"async\" width=\"150\" height=\"150\" src=\"https:\/\/manoterra.net\/wp-content\/uploads\/2025\/08\/pastille-verte-eau.svg\" class=\"attachment-thumbnail size-thumbnail wp-image-1380\" alt=\"gestion de l&#039;eau\" \/>\t\t\t\t\t\t\t\t\t\t\t\t\t\t\t<\/div>\n\t\t\t\t<\/div>\n\t\t<div class=\"elementor-element elementor-element-4296709c e-con-full e-flex e-con e-child\" data-id=\"4296709c\" data-element_type=\"container\" data-e-type=\"container\" data-settings=\"{&quot;background_background&quot;:&quot;classic&quot;}\">\n\t\t\t\t<div class=\"elementor-element elementor-element-4f1132dd elementor-widget elementor-widget-heading\" data-id=\"4f1132dd\" data-element_type=\"widget\" data-e-type=\"widget\" data-widget_type=\"heading.default\">\n\t\t\t\t\t<h3 class=\"elementor-heading-title elementor-size-default\"><strong>114 billion<\/strong><br \/>\nUnit of non-recycled packaging waste per year<\/h3>\t\t\t\t<\/div>\n\t\t\t\t<div class=\"elementor-element elementor-element-352e6db8 elementor-widget elementor-widget-image\" data-id=\"352e6db8\" data-element_type=\"widget\" data-e-type=\"widget\" data-widget_type=\"image.default\">\n\t\t\t\t\t\t\t\t\t\t\t\t\t\t\t<img loading=\"lazy\" decoding=\"async\" width=\"150\" height=\"150\" src=\"https:\/\/manoterra.net\/wp-content\/uploads\/2025\/08\/pastille-roche-planete-feuille.svg\" class=\"attachment-thumbnail size-thumbnail wp-image-1372\" alt=\"Biodiversit\u00e9\" \/>\t\t\t\t\t\t\t\t\t\t\t\t\t\t\t<\/div>\n\t\t\t\t<\/div>\n\t\t\t\t\t<\/div>\n\t\t\t\t<\/div>\n\t\t<div class=\"elementor-element elementor-element-5fe1e00 e-flex e-con-boxed e-con e-parent\" data-id=\"5fe1e00\" data-element_type=\"container\" data-e-type=\"container\" data-settings=\"{&quot;background_background&quot;:&quot;classic&quot;}\">\n\t\t\t\t\t<div class=\"e-con-inner\">\n\t\t\t\t<div class=\"elementor-element elementor-element-7c35f67 elementor-widget elementor-widget-text-editor\" data-id=\"7c35f67\" data-element_type=\"widget\" data-e-type=\"widget\" data-widget_type=\"text-editor.default\">\n\t\t\t\t\t\t\t\t\t<p>Sources: Euromonitor International,&nbsp;Voice of the Industry,&nbsp;tdi-sustainability,&nbsp;Cleanhub,&nbsp;(theindustry.beauty)<\/p>\t\t\t\t\t\t\t\t<\/div>\n\t\t\t\t\t<\/div>\n\t\t\t\t<\/div>\n\t\t<div class=\"elementor-element elementor-element-21ce75a0 e-flex e-con-boxed e-con e-parent\" data-id=\"21ce75a0\" data-element_type=\"container\" data-e-type=\"container\">\n\t\t\t\t\t<div class=\"e-con-inner\">\n\t\t<div class=\"elementor-element elementor-element-3867574b e-con-full e-flex e-con e-child\" data-id=\"3867574b\" data-element_type=\"container\" data-e-type=\"container\">\n\t\t\t\t<div class=\"elementor-element elementor-element-1ccdbb07 elementor-widget elementor-widget-image\" data-id=\"1ccdbb07\" data-element_type=\"widget\" data-e-type=\"widget\" data-widget_type=\"image.default\">\n\t\t\t\t\t\t\t\t\t\t\t\t\t\t\t<img loading=\"lazy\" decoding=\"async\" width=\"1200\" height=\"1000\" src=\"https:\/\/manoterra.net\/wp-content\/uploads\/2025\/08\/B679F8-poudre-cosmetique-1-1.jpg\" class=\"attachment-full size-full wp-image-1659\" alt=\"Notre accompagnement pour le secteur des parfums et cosm\u00e9tiques\" srcset=\"https:\/\/manoterra.net\/wp-content\/uploads\/2025\/08\/B679F8-poudre-cosmetique-1-1.jpg 1200w, https:\/\/manoterra.net\/wp-content\/uploads\/2025\/08\/B679F8-poudre-cosmetique-1-1-300x250.jpg 300w, https:\/\/manoterra.net\/wp-content\/uploads\/2025\/08\/B679F8-poudre-cosmetique-1-1-1024x853.jpg 1024w, https:\/\/manoterra.net\/wp-content\/uploads\/2025\/08\/B679F8-poudre-cosmetique-1-1-768x640.jpg 768w, https:\/\/manoterra.net\/wp-content\/uploads\/2025\/08\/B679F8-poudre-cosmetique-1-1-14x12.jpg 14w\" sizes=\"(max-width: 1200px) 100vw, 1200px\" \/>\t\t\t\t\t\t\t\t\t\t\t\t\t\t\t<\/div>\n\t\t\t\t<\/div>\n\t\t<div class=\"elementor-element elementor-element-69028464 e-con-full e-flex e-con e-child\" data-id=\"69028464\" data-element_type=\"container\" data-e-type=\"container\">\n\t\t\t\t<div class=\"elementor-element elementor-element-18136cf6 elementor-widget elementor-widget-heading\" data-id=\"18136cf6\" data-element_type=\"widget\" data-e-type=\"widget\" data-widget_type=\"heading.default\">\n\t\t\t\t\t<h2 class=\"elementor-heading-title elementor-size-default\">Our support<\/h2>\t\t\t\t<\/div>\n\t\t\t\t<div class=\"elementor-element elementor-element-497fc591 elementor-widget elementor-widget-text-editor\" data-id=\"497fc591\" data-element_type=\"widget\" data-e-type=\"widget\" data-widget_type=\"text-editor.default\">\n\t\t\t\t\t\t\t\t\t<p><strong style=\"font-weight: 400;\">Understanding the pressures<\/strong>&nbsp;<\/p>\n<p>We start with a systemic analysis of your footprint, sifting through your formulas, manufacturing processes and packaging choices to accurately assess their impact on biodiversity (herb picking, soil management), water consumption and CO\u2082 emissions. This diagnostic phase, based on your LCA data and completed by a sector benchmark, feeds into the construction of a tailor-made roadmap, where each quantified objective is accompanied by operational milestones adapted to your organization.<\/p>\n<p><strong style=\"font-weight: 400;\">Design sustainably<\/strong>&nbsp;<\/p>\n<p>We refine the eco-design of your products by looking at every ingredient and extraction process. Our role is to identify bio-based or technical alternatives with a lower impact, and then to model the effect of these substitutions on your environmental performance and costs. At the end of this work, you will have comparative scenarios that allow you to make informed decisions between different avenues of responsible innovation.<\/p>\t\t\t\t\t\t\t\t<\/div>\n\t\t\t\t<\/div>\n\t\t\t\t\t<\/div>\n\t\t\t\t<\/div>\n\t\t<div class=\"elementor-element elementor-element-5c0d09f e-flex e-con-boxed e-con e-parent\" data-id=\"5c0d09f\" data-element_type=\"container\" data-e-type=\"container\" data-settings=\"{&quot;background_background&quot;:&quot;classic&quot;}\">\n\t\t\t\t\t<div class=\"e-con-inner\">\n\t\t<div class=\"elementor-element elementor-element-38465a5d e-con-full e-flex e-con e-child\" data-id=\"38465a5d\" data-element_type=\"container\" data-e-type=\"container\">\n\t\t\t\t<div class=\"elementor-element elementor-element-1c358cc7 elementor-widget elementor-widget-text-editor\" data-id=\"1c358cc7\" data-element_type=\"widget\" data-e-type=\"widget\" data-widget_type=\"text-editor.default\">\n\t\t\t\t\t\t\t\t\t<p><strong style=\"font-weight: 400;\">Taking an overview of the value chain<\/strong>&nbsp;<\/p><p>Logistics and flow management are the subject of a detailed map: sourcing of raw materials, transport routes, packaging formats and recycling circuits for plant by-products. We analyse the levers of mutualisation, the opportunities for deposit or recharging and the best way to track your flows via digital tools, in order to reduce your indirect emissions and improve the resilience of your value chain.<\/p>\n<p><strong style=\"font-weight: 400;\">Enhance your sustainable performance<\/strong>&nbsp;<\/p><p>we support you in the regulatory monitoring and strategic enhancement of your commitments: CSRD and Green Claims, identification of the most relevant bio-based labels, and construction of a striking CSR argument. This clear positioning, based on a solid diagnosis, allows you to transform legislative imperatives and consumer expectations into differentiating assets and levers for green financing.<\/p>\t\t\t\t\t\t\t\t<\/div>\n\t\t\t\t<\/div>\n\t\t<div class=\"elementor-element elementor-element-77f5bba9 e-con-full e-flex e-con e-child\" data-id=\"77f5bba9\" data-element_type=\"container\" data-e-type=\"container\">\n\t\t\t\t<div class=\"elementor-element elementor-element-58fb615c elementor-widget elementor-widget-image\" data-id=\"58fb615c\" data-element_type=\"widget\" data-e-type=\"widget\" data-widget_type=\"image.default\">\n\t\t\t\t\t\t\t\t\t\t\t\t\t\t\t<img loading=\"lazy\" decoding=\"async\" width=\"1200\" height=\"1000\" src=\"https:\/\/manoterra.net\/wp-content\/uploads\/2025\/08\/2WJ0RMR-pinceau-poudre-cosmetique-1-1.jpg\" class=\"attachment-full size-full wp-image-2238\" alt=\"\" srcset=\"https:\/\/manoterra.net\/wp-content\/uploads\/2025\/08\/2WJ0RMR-pinceau-poudre-cosmetique-1-1.jpg 1200w, https:\/\/manoterra.net\/wp-content\/uploads\/2025\/08\/2WJ0RMR-pinceau-poudre-cosmetique-1-1-300x250.jpg 300w, https:\/\/manoterra.net\/wp-content\/uploads\/2025\/08\/2WJ0RMR-pinceau-poudre-cosmetique-1-1-1024x853.jpg 1024w, https:\/\/manoterra.net\/wp-content\/uploads\/2025\/08\/2WJ0RMR-pinceau-poudre-cosmetique-1-1-768x640.jpg 768w, https:\/\/manoterra.net\/wp-content\/uploads\/2025\/08\/2WJ0RMR-pinceau-poudre-cosmetique-1-1-14x12.jpg 14w\" sizes=\"(max-width: 1200px) 100vw, 1200px\" \/>\t\t\t\t\t\t\t\t\t\t\t\t\t\t\t<\/div>\n\t\t\t\t<\/div>\n\t\t\t\t\t<\/div>\n\t\t\t\t<\/div>\n\t\t\t\t<\/div>","protected":false},"excerpt":{"rendered":"<p>PARFUMS ET COSMETIQUES Contexte et enjeux Le secteur des parfums et cosm\u00e9tiques fait aujourd\u2019hui face \u00e0 des enjeux environnementaux majeurs. La production de fragrances et de formules n\u00e9cessite d\u2019importantes quantit\u00e9s d\u2019eau et d\u2019\u00e9nergie, tandis que l\u2019extraction d\u2019ingr\u00e9dients naturels ( huiles essentielles, extraits botaniques, huile de palme)\u00a0p\u00e8se sur la biodiversit\u00e9 et les \u00e9cosyst\u00e8mes tropicaux. Les emballages, [&hellip;]<\/p>\n","protected":false},"author":2,"featured_media":0,"parent":0,"menu_order":0,"comment_status":"closed","ping_status":"closed","template":"","meta":{"footnotes":""},"class_list":["post-275","page","type-page","status-publish","hentry"],"yoast_head":"<!-- This site is optimized with the Yoast SEO plugin v27.5 - https:\/\/yoast.com\/product\/yoast-seo-wordpress\/ -->\n<title>Cosm\u00e9tique \u00e9thique : Ingr\u00e9dients &amp; emballages \u00e9coresponsables<\/title>\n<meta name=\"description\" content=\"Les solutions durables des cosm\u00e9tiques : mati\u00e8res premi\u00e8res responsables, empreinte carbone r\u00e9duite et innovations \u00e9thiques.\" \/>\n<meta name=\"robots\" content=\"index, follow, max-snippet:-1, max-image-preview:large, max-video-preview:-1\" \/>\n<link rel=\"canonical\" href=\"https:\/\/manoterra.net\/en\/parfums-et-cosmetiques\/\" \/>\n<meta property=\"og:locale\" content=\"en_GB\" \/>\n<meta property=\"og:type\" content=\"article\" \/>\n<meta property=\"og:title\" content=\"Cosm\u00e9tique \u00e9thique : Ingr\u00e9dients &amp; emballages \u00e9coresponsables\" \/>\n<meta property=\"og:description\" content=\"Les solutions durables des cosm\u00e9tiques : mati\u00e8res premi\u00e8res responsables, empreinte carbone r\u00e9duite et innovations \u00e9thiques.\" \/>\n<meta property=\"og:url\" content=\"https:\/\/manoterra.net\/en\/parfums-et-cosmetiques\/\" \/>\n<meta property=\"og:site_name\" content=\"Manoterra\" \/>\n<meta property=\"article:modified_time\" content=\"2025-08-28T11:40:36+00:00\" \/>\n<meta property=\"og:image\" content=\"https:\/\/manoterra.net\/wp-content\/uploads\/2025\/08\/2C279AR-flacons-parfums-1-1.jpg\" \/>\n\t<meta property=\"og:image:width\" content=\"1000\" \/>\n\t<meta property=\"og:image:height\" content=\"1000\" \/>\n\t<meta property=\"og:image:type\" content=\"image\/jpeg\" \/>\n<meta name=\"twitter:card\" content=\"summary_large_image\" \/>\n<meta name=\"twitter:label1\" content=\"Estimated reading time\" \/>\n\t<meta name=\"twitter:data1\" content=\"3 minutes\" \/>\n<script type=\"application\/ld+json\" class=\"yoast-schema-graph\">{\"@context\":\"https:\\\/\\\/schema.org\",\"@graph\":[{\"@type\":\"WebPage\",\"@id\":\"https:\\\/\\\/manoterra.net\\\/parfums-et-cosmetiques\\\/\",\"url\":\"https:\\\/\\\/manoterra.net\\\/parfums-et-cosmetiques\\\/\",\"name\":\"Cosm\u00e9tique \u00e9thique : Ingr\u00e9dients & emballages \u00e9coresponsables\",\"isPartOf\":{\"@id\":\"https:\\\/\\\/manoterra.net\\\/#website\"},\"primaryImageOfPage\":{\"@id\":\"https:\\\/\\\/manoterra.net\\\/parfums-et-cosmetiques\\\/#primaryimage\"},\"image\":{\"@id\":\"https:\\\/\\\/manoterra.net\\\/parfums-et-cosmetiques\\\/#primaryimage\"},\"thumbnailUrl\":\"https:\\\/\\\/manoterra.net\\\/wp-content\\\/uploads\\\/2025\\\/08\\\/2C279AR-flacons-parfums-1-1.jpg\",\"datePublished\":\"2025-07-30T14:51:06+00:00\",\"dateModified\":\"2025-08-28T11:40:36+00:00\",\"description\":\"Les solutions durables des cosm\u00e9tiques : mati\u00e8res premi\u00e8res responsables, empreinte carbone r\u00e9duite et innovations \u00e9thiques.\",\"breadcrumb\":{\"@id\":\"https:\\\/\\\/manoterra.net\\\/parfums-et-cosmetiques\\\/#breadcrumb\"},\"inLanguage\":\"en-GB\",\"potentialAction\":[{\"@type\":\"ReadAction\",\"target\":[\"https:\\\/\\\/manoterra.net\\\/parfums-et-cosmetiques\\\/\"]}]},{\"@type\":\"ImageObject\",\"inLanguage\":\"en-GB\",\"@id\":\"https:\\\/\\\/manoterra.net\\\/parfums-et-cosmetiques\\\/#primaryimage\",\"url\":\"https:\\\/\\\/manoterra.net\\\/wp-content\\\/uploads\\\/2025\\\/08\\\/2C279AR-flacons-parfums-1-1.jpg\",\"contentUrl\":\"https:\\\/\\\/manoterra.net\\\/wp-content\\\/uploads\\\/2025\\\/08\\\/2C279AR-flacons-parfums-1-1.jpg\"},{\"@type\":\"BreadcrumbList\",\"@id\":\"https:\\\/\\\/manoterra.net\\\/parfums-et-cosmetiques\\\/#breadcrumb\",\"itemListElement\":[{\"@type\":\"ListItem\",\"position\":1,\"name\":\"Accueil\",\"item\":\"https:\\\/\\\/manoterra.net\\\/\"},{\"@type\":\"ListItem\",\"position\":2,\"name\":\"Parfums et cosm\u00e9tiques\"}]},{\"@type\":\"WebSite\",\"@id\":\"https:\\\/\\\/manoterra.net\\\/#website\",\"url\":\"https:\\\/\\\/manoterra.net\\\/\",\"name\":\"Manoterra\",\"description\":\"Conseil en strat&eacute;gie environnementale\",\"publisher\":{\"@id\":\"https:\\\/\\\/manoterra.net\\\/#organization\"},\"potentialAction\":[{\"@type\":\"SearchAction\",\"target\":{\"@type\":\"EntryPoint\",\"urlTemplate\":\"https:\\\/\\\/manoterra.net\\\/?s={search_term_string}\"},\"query-input\":{\"@type\":\"PropertyValueSpecification\",\"valueRequired\":true,\"valueName\":\"search_term_string\"}}],\"inLanguage\":\"en-GB\"},{\"@type\":\"Organization\",\"@id\":\"https:\\\/\\\/manoterra.net\\\/#organization\",\"name\":\"Manoterra\",\"url\":\"https:\\\/\\\/manoterra.net\\\/\",\"logo\":{\"@type\":\"ImageObject\",\"inLanguage\":\"en-GB\",\"@id\":\"https:\\\/\\\/manoterra.net\\\/#\\\/schema\\\/logo\\\/image\\\/\",\"url\":\"https:\\\/\\\/manoterra.net\\\/wp-content\\\/uploads\\\/2025\\\/07\\\/Logo-ecorce-brulee-fond-blanc-1-1.jpg\",\"contentUrl\":\"https:\\\/\\\/manoterra.net\\\/wp-content\\\/uploads\\\/2025\\\/07\\\/Logo-ecorce-brulee-fond-blanc-1-1.jpg\",\"width\":397,\"height\":49,\"caption\":\"Manoterra\"},\"image\":{\"@id\":\"https:\\\/\\\/manoterra.net\\\/#\\\/schema\\\/logo\\\/image\\\/\"}}]}<\/script>\n<!-- \/ Yoast SEO plugin. -->","yoast_head_json":{"title":"Cosm\u00e9tique \u00e9thique : Ingr\u00e9dients & emballages \u00e9coresponsables","description":"Les solutions durables des cosm\u00e9tiques : mati\u00e8res premi\u00e8res responsables, empreinte carbone r\u00e9duite et innovations \u00e9thiques.","robots":{"index":"index","follow":"follow","max-snippet":"max-snippet:-1","max-image-preview":"max-image-preview:large","max-video-preview":"max-video-preview:-1"},"canonical":"https:\/\/manoterra.net\/en\/parfums-et-cosmetiques\/","og_locale":"en_GB","og_type":"article","og_title":"Cosm\u00e9tique \u00e9thique : Ingr\u00e9dients & emballages \u00e9coresponsables","og_description":"Les solutions durables des cosm\u00e9tiques : mati\u00e8res premi\u00e8res responsables, empreinte carbone r\u00e9duite et innovations \u00e9thiques.","og_url":"https:\/\/manoterra.net\/en\/parfums-et-cosmetiques\/","og_site_name":"Manoterra","article_modified_time":"2025-08-28T11:40:36+00:00","og_image":[{"width":1000,"height":1000,"url":"https:\/\/manoterra.net\/wp-content\/uploads\/2025\/08\/2C279AR-flacons-parfums-1-1.jpg","type":"image\/jpeg"}],"twitter_card":"summary_large_image","twitter_misc":{"Estimated reading time":"3 minutes"},"schema":{"@context":"https:\/\/schema.org","@graph":[{"@type":"WebPage","@id":"https:\/\/manoterra.net\/parfums-et-cosmetiques\/","url":"https:\/\/manoterra.net\/parfums-et-cosmetiques\/","name":"Cosm\u00e9tique \u00e9thique : Ingr\u00e9dients & emballages \u00e9coresponsables","isPartOf":{"@id":"https:\/\/manoterra.net\/#website"},"primaryImageOfPage":{"@id":"https:\/\/manoterra.net\/parfums-et-cosmetiques\/#primaryimage"},"image":{"@id":"https:\/\/manoterra.net\/parfums-et-cosmetiques\/#primaryimage"},"thumbnailUrl":"https:\/\/manoterra.net\/wp-content\/uploads\/2025\/08\/2C279AR-flacons-parfums-1-1.jpg","datePublished":"2025-07-30T14:51:06+00:00","dateModified":"2025-08-28T11:40:36+00:00","description":"Les solutions durables des cosm\u00e9tiques : mati\u00e8res premi\u00e8res responsables, empreinte carbone r\u00e9duite et innovations \u00e9thiques.","breadcrumb":{"@id":"https:\/\/manoterra.net\/parfums-et-cosmetiques\/#breadcrumb"},"inLanguage":"en-GB","potentialAction":[{"@type":"ReadAction","target":["https:\/\/manoterra.net\/parfums-et-cosmetiques\/"]}]},{"@type":"ImageObject","inLanguage":"en-GB","@id":"https:\/\/manoterra.net\/parfums-et-cosmetiques\/#primaryimage","url":"https:\/\/manoterra.net\/wp-content\/uploads\/2025\/08\/2C279AR-flacons-parfums-1-1.jpg","contentUrl":"https:\/\/manoterra.net\/wp-content\/uploads\/2025\/08\/2C279AR-flacons-parfums-1-1.jpg"},{"@type":"BreadcrumbList","@id":"https:\/\/manoterra.net\/parfums-et-cosmetiques\/#breadcrumb","itemListElement":[{"@type":"ListItem","position":1,"name":"Accueil","item":"https:\/\/manoterra.net\/"},{"@type":"ListItem","position":2,"name":"Parfums et cosm\u00e9tiques"}]},{"@type":"WebSite","@id":"https:\/\/manoterra.net\/#website","url":"https:\/\/manoterra.net\/","name":"Manoterra","description":"Conseil en strat&eacute;gie environnementale","publisher":{"@id":"https:\/\/manoterra.net\/#organization"},"potentialAction":[{"@type":"SearchAction","target":{"@type":"EntryPoint","urlTemplate":"https:\/\/manoterra.net\/?s={search_term_string}"},"query-input":{"@type":"PropertyValueSpecification","valueRequired":true,"valueName":"search_term_string"}}],"inLanguage":"en-GB"},{"@type":"Organization","@id":"https:\/\/manoterra.net\/#organization","name":"Manoterra","url":"https:\/\/manoterra.net\/","logo":{"@type":"ImageObject","inLanguage":"en-GB","@id":"https:\/\/manoterra.net\/#\/schema\/logo\/image\/","url":"https:\/\/manoterra.net\/wp-content\/uploads\/2025\/07\/Logo-ecorce-brulee-fond-blanc-1-1.jpg","contentUrl":"https:\/\/manoterra.net\/wp-content\/uploads\/2025\/07\/Logo-ecorce-brulee-fond-blanc-1-1.jpg","width":397,"height":49,"caption":"Manoterra"},"image":{"@id":"https:\/\/manoterra.net\/#\/schema\/logo\/image\/"}}]}},"_links":{"self":[{"href":"https:\/\/manoterra.net\/en\/wp-json\/wp\/v2\/pages\/275","targetHints":{"allow":["GET"]}}],"collection":[{"href":"https:\/\/manoterra.net\/en\/wp-json\/wp\/v2\/pages"}],"about":[{"href":"https:\/\/manoterra.net\/en\/wp-json\/wp\/v2\/types\/page"}],"author":[{"embeddable":true,"href":"https:\/\/manoterra.net\/en\/wp-json\/wp\/v2\/users\/2"}],"replies":[{"embeddable":true,"href":"https:\/\/manoterra.net\/en\/wp-json\/wp\/v2\/comments?post=275"}],"version-history":[{"count":49,"href":"https:\/\/manoterra.net\/en\/wp-json\/wp\/v2\/pages\/275\/revisions"}],"predecessor-version":[{"id":2817,"href":"https:\/\/manoterra.net\/en\/wp-json\/wp\/v2\/pages\/275\/revisions\/2817"}],"wp:attachment":[{"href":"https:\/\/manoterra.net\/en\/wp-json\/wp\/v2\/media?parent=275"}],"curies":[{"name":"wp","href":"https:\/\/api.w.org\/{rel}","templated":true}]}}