{"id":1581,"date":"2025-08-07T12:23:24","date_gmt":"2025-08-07T12:23:24","guid":{"rendered":"https:\/\/manoterra.net\/?page_id=1581"},"modified":"2025-08-27T10:50:34","modified_gmt":"2025-08-27T10:50:34","slug":"politique-de-confidentialite","status":"publish","type":"page","link":"https:\/\/manoterra.net\/en\/politique-de-confidentialite\/","title":{"rendered":"Politique de confidentialit\u00e9"},"content":{"rendered":"<div data-elementor-type=\"wp-page\" data-elementor-id=\"1581\" class=\"elementor elementor-1581\" data-elementor-post-type=\"page\">\n\t\t\t\t<div class=\"elementor-element elementor-element-cab6fda e-flex e-con-boxed e-con e-parent\" data-id=\"cab6fda\" data-element_type=\"container\" data-e-type=\"container\">\n\t\t\t\t\t<div class=\"e-con-inner\">\n\t\t\t\t<div class=\"elementor-element elementor-element-ebaf394 elementor-widget elementor-widget-heading\" data-id=\"ebaf394\" data-element_type=\"widget\" data-e-type=\"widget\" data-widget_type=\"heading.default\">\n\t\t\t\t\t<h2 class=\"elementor-heading-title elementor-size-default\">Privacy Policy and Terms of Use<\/h2>\t\t\t\t<\/div>\n\t\t\t\t\t<\/div>\n\t\t\t\t<\/div>\n\t\t<div class=\"elementor-element elementor-element-14f86f5 e-flex e-con-boxed e-con e-parent\" data-id=\"14f86f5\" data-element_type=\"container\" data-e-type=\"container\">\n\t\t\t\t\t<div class=\"e-con-inner\">\n\t\t\t\t<div class=\"elementor-element elementor-element-bf0f5a3 elementor-widget elementor-widget-text-editor\" data-id=\"bf0f5a3\" data-element_type=\"widget\" data-e-type=\"widget\" data-widget_type=\"text-editor.default\">\n\t\t\t\t\t\t\t\t\t<p>Browsing this site is subject to these terms of use. Persons who access the information made available by Manoterra on its website acknowledge that they have read the terms of use and accept them. Manoterra reserves the right to modify this notice at any time. The user therefore undertakes to consult it regularly.<\/p>\n<p>PUBLISHER<\/p>\n<p>The www.manoterra.com website is published by Manoterra<br>SIRET : 944 835 073 00015<br>Publication Director: G\u00e9raldine DUJARDIN<\/p>\n<p>INFORMATION CONTAINED ON THE SITE<\/p>\n<p>The purpose of this site is to provide information about Manoterra (mission, team, expertise, news articles).<\/p>\n<p>Manoterra cannot guarantee the accuracy, precision or completeness of the information made available on this site. Consequently, Manoterra declines all responsibility for any imprecision, inaccuracy or omission relating to the information available on this site. Consequently, the user acknowledges that he or she is solely responsible for using this information.<\/p>\n<p>The elements presented on this site are subject to change without notice and are made available without any warranty, express or implied, of any kind and cannot give rise to any right to compensation.<\/p>\n<p>Manoterra declines all responsibility in the event of difficulty in accessing its site or interruptions in the connection, whatever the cause. In addition, Manoterra cannot be held responsible for any damage or viruses that may infect your computer or any computer equipment, following any use of or access to the site or downloading from this site.<\/p>\n<p>The user declares that he or she has read the above information before visiting the site. By choosing to access the website, the user expressly and irrevocably accepts the following terms.<\/p>\n<p>COOKIES<\/p>\n<p>Principle<\/p>\n<p>Un cookie est un fichier qui permet d\u2019enregistrer des informations relatives \u00e0 la navigation de votre ordinateur sur le site internet (ex&nbsp;: nombres de visites, nombre de page vues, etc.) et permet notamment de faciliter vos visites sur le site. Vous pouvez \u00e0 tout moment supprimer les \u00ab&nbsp;cookies&nbsp;\u00bb install\u00e9s sur votre ordinateur, vous opposer \u00e0 l\u2019enregistrement de nouveaux \u00ab&nbsp;cookies&nbsp;\u00bb et recevoir une notification avant l\u2019installation d\u2019un nouveau cookie en configurant votre outil de navigation via les instructions figurant ci-dessous \u00ab&nbsp;Types de cookies, cookies et statistiques et param\u00e9trage&nbsp;\u00bb. Veuillez noter que si vous d\u00e9sinstallez un \u00ab&nbsp;cookie&nbsp;\u00bb ou si vous vous opposez \u00e0 l\u2019installation de \u00ab&nbsp;cookies&nbsp;\u00bb sur votre machine, vous risquez de ne pas \u00eatre en mesure de b\u00e9n\u00e9ficier de certains services du site internet.<\/p>\n<p>Type of cookies, cookies, statistics and settings<\/p>\n<p>The cookies that may be installed on your computer when you browse the website are cookies that have either the exclusive purpose of enabling or facilitating electronic communication or that are strictly necessary for the provision of the service you request (language cookies, etc.), or statistical cookies or other cookies under the conditions described below.<\/p>\n<p>When cookies require your prior consent to their installation, we ask you by means of the banner on the first page of the website, it being specified that your continued browsing on the website constitutes acceptance.<\/p>\n<p>Analytical cookies<\/p>\n<p>These are cookies that allow us to know the use and performance of our site, to establish statistics, volumes of traffic and use of the various elements of our site (content visited, paths) allowing us to improve the interest and ergonomics of our services (the pages or sections most often consulted, the most read articles,  etc.). We also use cookies to count visitors to a page. These are cookies from Google Analytics.<\/p>\n<p>Sharing cookies (social links)<\/p>\n<p>Notre site contient des liens de partage vers LinkedIn&nbsp; qui vous permettent de partager des contenus de notre site avec d\u2019autres personnes. Lorsque vous utilisez ces boutons de partage, un cookie tiers est install\u00e9. Si vous \u00eates connect\u00e9 au r\u00e9seau social lors de votre navigation sur notre site, les boutons de partage permettent de relier les contenus consult\u00e9s \u00e0 votre compte utilisateur.<\/p>\n<p>Cookie management<\/p>\n<p>You have different ways to manage your cookies. You can choose to disable these cookies at any time. You can accept or reject them on a case-by-case basis or systematically refuse them once and for all.<\/p>\n<p>Nous vous rappelons que le param\u00e9trage est susceptible de modifier vos conditions d\u2019acc\u00e8s \u00e0&nbsp;nos services n\u00e9cessitant l\u2019utilisation de cookies.<\/p>\n<p>Selon le type de cookies que vous souhaitez d\u00e9sactiver, vous pouvez exprimer votre choix gr\u00e2ce au param\u00e9trage de votre navigateur. La plupart des navigateurs acceptent les cookies par d\u00e9faut. Cependant, vous pouvez d\u00e9cider de bloquer ces cookies ou demander \u00e0&nbsp;votre navigateur de vous avertir lorsqu\u2019un site tente d\u2019impl\u00e9menter un cookie sur votre terminal. Pour changer la gestion des cookies de votre navigateur, vous pouvez modifier les r\u00e9glages dans l\u2019onglet confidentialit\u00e9. Attention, certaines fonctionnalit\u00e9s du site peuvent ne plus fonctionner.<\/p>\n<p>The configuration of each browser is different. It is described in the help menu of your browser, which will allow you to know how to change your cookie wishes.<\/p>\n<p>Pour plus d\u2019information sur les cookies, vous pouvez vous rendre sur le site de la CNIL, \u00e0&nbsp;cette adresse :&nbsp;www.cnil.fr\/vos-droits\/vos-traces\/les-cookies\/<\/p>\n<p>INTELLECTUAL PROPERTY RIGHTS<\/p>\n<p>Any elements, trademarks or other intellectual property on this site are the property of Manoterra and are subject to the rights resulting from the intellectual property. Their reproduction for personal use is accepted, but their unauthorized modification or distribution is prohibited. As part of this permission, all copied documents must retain annotations referencing their owner.<\/p>\n<p>Failure to comply with this prohibition may constitute an act of counterfeiting for which you may be held civilly and criminally liable. In accordance with the provisions of the Intellectual Property Code, only the use of the elements making up the site for strictly personal purposes is authorized.<\/p>\n<p>FORMS<\/p>\n<p>The site may contain forms that the user is free to use depending on the features of the site that he or she wishes to access.<\/p>\n<p>The forms allow Manoterra to collect information and\/or reviews entered online by the user. They consist of text boxes and checkboxes. The forms are used to manage requests for information, registrations and requests from Users, to collect data for analysis and evaluation purposes.<\/p>\n<p>It is the user's responsibility to consult the article below relating to the protection of personal data before using any form on the site.<\/p>\n<p>PROTECTION OF PERSONAL DATA<\/p>\n<p>Toutes les op\u00e9rations sur les donn\u00e9es \u00e0 caract\u00e8re personnel sont r\u00e9alis\u00e9es dans le respect de la r\u00e9glementation en vigueur et notamment de la loi n\u00b078-17 \u00ab Informatique, Fichiers et Libert\u00e9s \u00bb du 6 janvier 1978 modifi\u00e9e et le R\u00e8glement g\u00e9n\u00e9ral sur la Protection des donn\u00e9es (R\u00e8glement UE&nbsp;2016\/679) d\u00e9sign\u00e9 par \u00ab&nbsp;RGPD&nbsp;\u00bb. La notion de \u00ab Donn\u00e9es \u00e0 Caract\u00e8re Personnel \u00bb d\u00e9signe toute information relative \u00e0 une personne physique identifi\u00e9e ou qui peut \u00eatre identifi\u00e9e, directement ou indirectement, par r\u00e9f\u00e9rence \u00e0 un num\u00e9ro d\u2019identification ou \u00e0 un ou plusieurs \u00e9l\u00e9ments qui lui sont propres.<\/p>\n<p>The e-mail address, the identity (surname, first name) and the request for information message are the only Personal Data that may be collected and processed by BL \u00e9volution in connection with requests for information. Users' Personal Data may also be collected via forms published on the site<\/p>\n<p>Manoterra undertakes to collect Personal Data only for precise, explicit and legitimate purposes and to process them in accordance with the stated purposes:<\/p>\n<p>for the purposes of processing the User's request or subscribing to electronic newsletters, but also for statistical purposes; in the information notices relating to the forms that may be published on the Site.<br>dans les mentions d\u2019information relatives aux formulaires qui pourront \u00eatre publi\u00e9s sur le Site.<\/p>\n<p>In accordance with the above-mentioned Law, our members have the right to access, modify, rectify and delete data concerning them. They can exercise this right by sending an e-mail or a letter to the company's head office.<\/p>\n<p>CHANGES TO THE LEGAL NOTICE<\/p>\n<p>Manoterra se r\u00e9serve le droit de modifier les pr\u00e9sentes mentions \u00e0 tout moment. L\u2019utilisateur est li\u00e9 par les conditions en vigueur lors de sa visite.<\/p>\n<p>APPLICABLE LAW IN THE EVENT OF A DISPUTE<\/p>\n<p>The applicable law is French law. For any dispute, exclusive jurisdiction is assigned to the competent courts within the jurisdiction of the Paris Court of Appeal.<\/p>\n<p>THE HOST<\/p>\n<p>The www.manoterra.net site is hosted by the services of the company IONOS 7 Place de la Gare, 57200 SARREGUEMINES<\/p>\t\t\t\t\t\t\t\t<\/div>\n\t\t\t\t\t<\/div>\n\t\t\t\t<\/div>\n\t\t\t\t<\/div>","protected":false},"excerpt":{"rendered":"<p>Politiques de confidentialit\u00e9 et conditions g\u00e9n\u00e9rales d&rsquo;utilisation La navigation sur ce site est soumise aux pr\u00e9sentes conditions d\u2019utilisation. Les personnes qui acc\u00e8dent aux informations mises \u00e0 disposition par Manoterra sur son site Internet reconnaissent avoir pris connaissance des conditions d\u2019utilisation et les acceptent. Manoterra se r\u00e9serve le droit de modifier la pr\u00e9sente notice \u00e0 tout [&hellip;]<\/p>\n","protected":false},"author":2,"featured_media":0,"parent":0,"menu_order":0,"comment_status":"closed","ping_status":"closed","template":"","meta":{"footnotes":""},"class_list":["post-1581","page","type-page","status-publish","hentry"],"yoast_head":"<!-- This site is optimized with the Yoast SEO plugin v27.5 - https:\/\/yoast.com\/product\/yoast-seo-wordpress\/ -->\n<title>Politique de confidentialit\u00e9 - Manoterra<\/title>\n<meta name=\"description\" content=\"[:en]test en politique de confidentialit\u00e9[:fr]test fr politique de confidentialit\u00e9[:]\" \/>\n<meta name=\"robots\" content=\"index, follow, max-snippet:-1, max-image-preview:large, max-video-preview:-1\" \/>\n<link rel=\"canonical\" href=\"https:\/\/manoterra.net\/en\/politique-de-confidentialite\/\" \/>\n<meta property=\"og:locale\" content=\"en_GB\" \/>\n<meta property=\"og:type\" content=\"article\" \/>\n<meta property=\"og:title\" content=\"Politique de confidentialit\u00e9 - Manoterra\" \/>\n<meta property=\"og:description\" content=\"[:en]test en politique de confidentialit\u00e9[:fr]test fr politique de confidentialit\u00e9[:]\" \/>\n<meta property=\"og:url\" content=\"https:\/\/manoterra.net\/en\/politique-de-confidentialite\/\" \/>\n<meta property=\"og:site_name\" content=\"Manoterra\" \/>\n<meta property=\"article:modified_time\" content=\"2025-08-27T10:50:34+00:00\" \/>\n<meta name=\"twitter:card\" content=\"summary_large_image\" \/>\n<meta name=\"twitter:label1\" content=\"Estimated reading time\" \/>\n\t<meta name=\"twitter:data1\" content=\"8 minutes\" \/>\n<script type=\"application\/ld+json\" class=\"yoast-schema-graph\">{\"@context\":\"https:\\\/\\\/schema.org\",\"@graph\":[{\"@type\":\"WebPage\",\"@id\":\"https:\\\/\\\/manoterra.net\\\/politique-de-confidentialite\\\/\",\"url\":\"https:\\\/\\\/manoterra.net\\\/politique-de-confidentialite\\\/\",\"name\":\"Politique de confidentialit\u00e9 - Manoterra\",\"isPartOf\":{\"@id\":\"https:\\\/\\\/manoterra.net\\\/#website\"},\"datePublished\":\"2025-08-07T12:23:24+00:00\",\"dateModified\":\"2025-08-27T10:50:34+00:00\",\"description\":\"[:en]test en politique de confidentialit\u00e9[:fr]test fr politique de confidentialit\u00e9[:]\",\"breadcrumb\":{\"@id\":\"https:\\\/\\\/manoterra.net\\\/politique-de-confidentialite\\\/#breadcrumb\"},\"inLanguage\":\"en-GB\",\"potentialAction\":[{\"@type\":\"ReadAction\",\"target\":[\"https:\\\/\\\/manoterra.net\\\/politique-de-confidentialite\\\/\"]}]},{\"@type\":\"BreadcrumbList\",\"@id\":\"https:\\\/\\\/manoterra.net\\\/politique-de-confidentialite\\\/#breadcrumb\",\"itemListElement\":[{\"@type\":\"ListItem\",\"position\":1,\"name\":\"Accueil\",\"item\":\"https:\\\/\\\/manoterra.net\\\/\"},{\"@type\":\"ListItem\",\"position\":2,\"name\":\"Politique de confidentialit\u00e9\"}]},{\"@type\":\"WebSite\",\"@id\":\"https:\\\/\\\/manoterra.net\\\/#website\",\"url\":\"https:\\\/\\\/manoterra.net\\\/\",\"name\":\"Manoterra\",\"description\":\"Conseil en strat&eacute;gie environnementale\",\"publisher\":{\"@id\":\"https:\\\/\\\/manoterra.net\\\/#organization\"},\"potentialAction\":[{\"@type\":\"SearchAction\",\"target\":{\"@type\":\"EntryPoint\",\"urlTemplate\":\"https:\\\/\\\/manoterra.net\\\/?s={search_term_string}\"},\"query-input\":{\"@type\":\"PropertyValueSpecification\",\"valueRequired\":true,\"valueName\":\"search_term_string\"}}],\"inLanguage\":\"en-GB\"},{\"@type\":\"Organization\",\"@id\":\"https:\\\/\\\/manoterra.net\\\/#organization\",\"name\":\"Manoterra\",\"url\":\"https:\\\/\\\/manoterra.net\\\/\",\"logo\":{\"@type\":\"ImageObject\",\"inLanguage\":\"en-GB\",\"@id\":\"https:\\\/\\\/manoterra.net\\\/#\\\/schema\\\/logo\\\/image\\\/\",\"url\":\"https:\\\/\\\/manoterra.net\\\/wp-content\\\/uploads\\\/2025\\\/07\\\/Logo-ecorce-brulee-fond-blanc-1-1.jpg\",\"contentUrl\":\"https:\\\/\\\/manoterra.net\\\/wp-content\\\/uploads\\\/2025\\\/07\\\/Logo-ecorce-brulee-fond-blanc-1-1.jpg\",\"width\":397,\"height\":49,\"caption\":\"Manoterra\"},\"image\":{\"@id\":\"https:\\\/\\\/manoterra.net\\\/#\\\/schema\\\/logo\\\/image\\\/\"}}]}<\/script>\n<!-- \/ Yoast SEO plugin. -->","yoast_head_json":{"title":"Politique de confidentialit\u00e9 - Manoterra","description":"[:en]test en politique de confidentialit\u00e9[:fr]test fr politique de confidentialit\u00e9[:]","robots":{"index":"index","follow":"follow","max-snippet":"max-snippet:-1","max-image-preview":"max-image-preview:large","max-video-preview":"max-video-preview:-1"},"canonical":"https:\/\/manoterra.net\/en\/politique-de-confidentialite\/","og_locale":"en_GB","og_type":"article","og_title":"Politique de confidentialit\u00e9 - Manoterra","og_description":"[:en]test en politique de confidentialit\u00e9[:fr]test fr politique de confidentialit\u00e9[:]","og_url":"https:\/\/manoterra.net\/en\/politique-de-confidentialite\/","og_site_name":"Manoterra","article_modified_time":"2025-08-27T10:50:34+00:00","twitter_card":"summary_large_image","twitter_misc":{"Estimated reading time":"8 minutes"},"schema":{"@context":"https:\/\/schema.org","@graph":[{"@type":"WebPage","@id":"https:\/\/manoterra.net\/politique-de-confidentialite\/","url":"https:\/\/manoterra.net\/politique-de-confidentialite\/","name":"Politique de confidentialit\u00e9 - Manoterra","isPartOf":{"@id":"https:\/\/manoterra.net\/#website"},"datePublished":"2025-08-07T12:23:24+00:00","dateModified":"2025-08-27T10:50:34+00:00","description":"[:en]test en politique de confidentialit\u00e9[:fr]test fr politique de confidentialit\u00e9[:]","breadcrumb":{"@id":"https:\/\/manoterra.net\/politique-de-confidentialite\/#breadcrumb"},"inLanguage":"en-GB","potentialAction":[{"@type":"ReadAction","target":["https:\/\/manoterra.net\/politique-de-confidentialite\/"]}]},{"@type":"BreadcrumbList","@id":"https:\/\/manoterra.net\/politique-de-confidentialite\/#breadcrumb","itemListElement":[{"@type":"ListItem","position":1,"name":"Accueil","item":"https:\/\/manoterra.net\/"},{"@type":"ListItem","position":2,"name":"Politique de confidentialit\u00e9"}]},{"@type":"WebSite","@id":"https:\/\/manoterra.net\/#website","url":"https:\/\/manoterra.net\/","name":"Manoterra","description":"Conseil en strat&eacute;gie environnementale","publisher":{"@id":"https:\/\/manoterra.net\/#organization"},"potentialAction":[{"@type":"SearchAction","target":{"@type":"EntryPoint","urlTemplate":"https:\/\/manoterra.net\/?s={search_term_string}"},"query-input":{"@type":"PropertyValueSpecification","valueRequired":true,"valueName":"search_term_string"}}],"inLanguage":"en-GB"},{"@type":"Organization","@id":"https:\/\/manoterra.net\/#organization","name":"Manoterra","url":"https:\/\/manoterra.net\/","logo":{"@type":"ImageObject","inLanguage":"en-GB","@id":"https:\/\/manoterra.net\/#\/schema\/logo\/image\/","url":"https:\/\/manoterra.net\/wp-content\/uploads\/2025\/07\/Logo-ecorce-brulee-fond-blanc-1-1.jpg","contentUrl":"https:\/\/manoterra.net\/wp-content\/uploads\/2025\/07\/Logo-ecorce-brulee-fond-blanc-1-1.jpg","width":397,"height":49,"caption":"Manoterra"},"image":{"@id":"https:\/\/manoterra.net\/#\/schema\/logo\/image\/"}}]}},"_links":{"self":[{"href":"https:\/\/manoterra.net\/en\/wp-json\/wp\/v2\/pages\/1581","targetHints":{"allow":["GET"]}}],"collection":[{"href":"https:\/\/manoterra.net\/en\/wp-json\/wp\/v2\/pages"}],"about":[{"href":"https:\/\/manoterra.net\/en\/wp-json\/wp\/v2\/types\/page"}],"author":[{"embeddable":true,"href":"https:\/\/manoterra.net\/en\/wp-json\/wp\/v2\/users\/2"}],"replies":[{"embeddable":true,"href":"https:\/\/manoterra.net\/en\/wp-json\/wp\/v2\/comments?post=1581"}],"version-history":[{"count":38,"href":"https:\/\/manoterra.net\/en\/wp-json\/wp\/v2\/pages\/1581\/revisions"}],"predecessor-version":[{"id":2636,"href":"https:\/\/manoterra.net\/en\/wp-json\/wp\/v2\/pages\/1581\/revisions\/2636"}],"wp:attachment":[{"href":"https:\/\/manoterra.net\/en\/wp-json\/wp\/v2\/media?parent=1581"}],"curies":[{"name":"wp","href":"https:\/\/api.w.org\/{rel}","templated":true}]}}